{"id":7,"date":"2013-11-09T16:11:45","date_gmt":"2013-11-09T15:11:45","guid":{"rendered":"http:\/\/www.mariechristine-geney.net\/ud\/?page_id=7"},"modified":"2021-02-23T14:12:29","modified_gmt":"2021-02-23T13:12:29","slug":"art-therapie-audincourt-monbeliard-doubs","status":"publish","type":"page","link":"https:\/\/www.mariechristine-geney.net\/ud\/art-therapie-audincourt-monbeliard-doubs","title":{"rendered":"Art Th\u00e9rapie \u00e0 Bavans"},"content":{"rendered":"<p>[et_pb_section fb_built=\u00a0\u00bb1&Prime; _builder_version=\u00a0\u00bb4.9.0&Prime; background_color=\u00a0\u00bbrgba(255,255,255,0.3)\u00a0\u00bb custom_padding=\u00a0\u00bb43px|||||\u00a0\u00bb][et_pb_row _builder_version=\u00a0\u00bb4.9.0&Prime; background_color=\u00a0\u00bbrgba(255,255,255,0.8)\u00a0\u00bb background_size=\u00a0\u00bbinitial\u00a0\u00bb background_position=\u00a0\u00bbtop_left\u00a0\u00bb background_repeat=\u00a0\u00bbrepeat\u00a0\u00bb][et_pb_column type=\u00a0\u00bb4_4&Prime; _builder_version=\u00a0\u00bb3.25&Prime; custom_padding=\u00a0\u00bb|||\u00a0\u00bb custom_padding__hover=\u00a0\u00bb|||\u00a0\u00bb][et_pb_text _builder_version=\u00a0\u00bb3.27.4&Prime; background_size=\u00a0\u00bbinitial\u00a0\u00bb background_position=\u00a0\u00bbtop_left\u00a0\u00bb background_repeat=\u00a0\u00bbrepeat\u00a0\u00bb]<\/p>\n<h1 style=\"text-align: center;\"><img loading=\"lazy\" decoding=\"async\" class=\"alignnone wp-image-1966\" src=\"http:\/\/www.mariechristine-geney.net\/ud\/wp-content\/uploads\/2013\/11\/bulle-arc-en-ciel-150x150.png\" alt=\"bulle-arc-en-ciel\" width=\"31\" height=\"26\" \/>\u00a0<strong>Qu\u2019est-ce que l\u2019art-th\u00e9rapie ?<\/strong><\/h1>\n<p><a href=\"http:\/\/www.mariechristine-geney.net\/ud\/wp-content\/uploads\/2013\/11\/art-therapie-marie-christine-geney.jpg\"><img loading=\"lazy\" decoding=\"async\" class=\"aligncenter size-medium wp-image-1967\" src=\"http:\/\/www.mariechristine-geney.net\/ud\/wp-content\/uploads\/2013\/11\/art-therapie-marie-christine-geney-300x197.jpg\" alt=\"art-therapie-marie-christine-geney\" width=\"300\" height=\"197\" srcset=\"https:\/\/www.mariechristine-geney.net\/ud\/wp-content\/uploads\/2013\/11\/art-therapie-marie-christine-geney-300x197.jpg 300w, https:\/\/www.mariechristine-geney.net\/ud\/wp-content\/uploads\/2013\/11\/art-therapie-marie-christine-geney-1024x672.jpg 1024w, https:\/\/www.mariechristine-geney.net\/ud\/wp-content\/uploads\/2013\/11\/art-therapie-marie-christine-geney-207x136.jpg 207w, https:\/\/www.mariechristine-geney.net\/ud\/wp-content\/uploads\/2013\/11\/art-therapie-marie-christine-geney-260x170.jpg 260w, https:\/\/www.mariechristine-geney.net\/ud\/wp-content\/uploads\/2013\/11\/art-therapie-marie-christine-geney-430x283.jpg 430w, https:\/\/www.mariechristine-geney.net\/ud\/wp-content\/uploads\/2013\/11\/art-therapie-marie-christine-geney.jpg 1209w\" sizes=\"(max-width: 300px) 100vw, 300px\" \/><\/a><\/p>\n<p style=\"text-align: center;\">L\u2019art-th\u00e9rapie est une forme de psychoth\u00e9rapie qui utilise la cr\u00e9ation artistique (dessin, peinture, collage, sculpture \u2026)<br \/>\npour prendre contact avec sa vie int\u00e9rieur, l\u2019exprimer et se transformer.<br \/>\n(sentiments, \u00e9motions, r\u00eaves, inconscient \u2026)<\/p>\n<p style=\"text-align: center;\">Sans se pr\u00e9occuper de la qualit\u00e9 ou de l\u2019apparence de l\u2019\u0153uvre finale,<br \/>\nla d\u00e9marche th\u00e9rapeutique consiste \u00e0 laisser progressivement surgir<br \/>\ndes images int\u00e9rieures, qui peuvent \u00eatre autan le reflet d\u2019exp\u00e9riences du pass\u00e9 que de r\u00eaves auxquels on aspire.<br \/>\nLe geste cr\u00e9e avec l\u2019aide du corps en mouvement une \u0153uvre concr\u00e8te<br \/>\nen sollicitant l\u2019imagination, l\u2019intuition, la pens\u00e9e et les \u00e9motions.<br \/>\nLes images ou les formes ainsi cr\u00e9\u00e9es, d\u00e9voilent certains aspects de soi et peuvent g\u00e9n\u00e9rer une vision et des comportements nouveaux qui contribueront \u00e0 des gu\u00e9risons physiques, \u00e9motives ou spirituelles.<\/p>\n<h1 style=\"text-align: center;\"><img loading=\"lazy\" decoding=\"async\" class=\"alignnone wp-image-1966\" src=\"http:\/\/www.mariechristine-geney.net\/ud\/wp-content\/uploads\/2013\/11\/bulle-arc-en-ciel-150x150.png\" alt=\"bulle-arc-en-ciel\" width=\"31\" height=\"26\" \/><strong>\u00a0L\u2019art-th\u00e9rapie pour qui ?<\/strong><\/h1>\n<p style=\"text-align: center;\">Les applications de l\u2019art-th\u00e9rapie sont multiples :<br \/>\nstress, angoisse, anxi\u00e9t\u00e9, manque de confiance, mauvaise image de soi, addiction, phobie, gestion des \u00e9motions, crise d\u2019adolescence,<br \/>\naide aux personnes \u00e2g\u00e9es, aux enfants etc\u2026<\/p>\n<h1 style=\"text-align: center;\"><img loading=\"lazy\" decoding=\"async\" class=\"alignnone wp-image-1966\" src=\"http:\/\/www.mariechristine-geney.net\/ud\/wp-content\/uploads\/2013\/11\/bulle-arc-en-ciel-150x150.png\" alt=\"bulle-arc-en-ciel\" width=\"31\" height=\"26\" \/>\u00a0<strong>L\u2019art-th\u00e9rapie en pratique<\/strong><\/h1>\n<p style=\"text-align: center;\">Une s\u00e9ance d\u2019art-th\u00e9rapie se d\u00e9roule individuellement ou en groupe.<br \/>\nLe th\u00e9rapeute cherche \u00e0 d\u00e9finir les motifs et les objectifs qui am\u00e8nent<br \/>\nle participant \u00e0 suivre une th\u00e9rapie afin de mieux le guider,<br \/>\npuis le travail de cr\u00e9ation commence.<br \/>\nLes yeux ferm\u00e9s les mains se d\u00e9placent librement et instinctivement<br \/>\nsur la feuille de papier.<br \/>\nDes formes se cr\u00e9ent, se d\u00e9posent \u00e0 notre insu formant un motif ou pas.<br \/>\nL\u2019inconscient s\u2019exprime et nous guide vers la probl\u00e9matique actuelle.<br \/>\nC\u2019est en observant la mani\u00e8re de structurer l\u2019espace,<br \/>\nde disposer les formes, d\u2019utiliser les couleurs, d\u2019associer les id\u00e9es<br \/>\nque l\u2019on parvient \u00e0 donner un sens \u00e0 sa cr\u00e9ation et \u00e0 s\u2019en inspirer<br \/>\npour effectuer les changements d\u00e9sir\u00e9s dans sa vie.<\/p>\n<h1 style=\"text-align: center;\"><img loading=\"lazy\" decoding=\"async\" class=\"alignnone wp-image-1966\" src=\"http:\/\/www.mariechristine-geney.net\/ud\/wp-content\/uploads\/2013\/11\/bulle-arc-en-ciel-150x150.png\" alt=\"bulle-arc-en-ciel\" width=\"31\" height=\"26\" \/>\u00a0<strong>Dur\u00e9e d\u2019une th\u00e9rapie<\/strong><\/h1>\n<p style=\"text-align: center;\">La dur\u00e9e d\u2019une th\u00e9rapie est variable.<br \/>\nIl se peut que quelques s\u00e9ances suffisent \u00e0 cerner le probl\u00e8me.<br \/>\nLa th\u00e9rapie peut aussi s\u2019\u00e9tendre sur un plus grand nombre de rencontres.<\/p>\n<p style=\"text-align: center;\"><img loading=\"lazy\" decoding=\"async\" class=\"alignnone wp-image-1966\" src=\"http:\/\/www.mariechristine-geney.net\/ud\/wp-content\/uploads\/2013\/11\/bulle-arc-en-ciel-150x150.png\" alt=\"bulle-arc-en-ciel\" width=\"21\" height=\"21\" srcset=\"https:\/\/www.mariechristine-geney.net\/ud\/wp-content\/uploads\/2013\/11\/bulle-arc-en-ciel-150x150.png 150w, https:\/\/www.mariechristine-geney.net\/ud\/wp-content\/uploads\/2013\/11\/bulle-arc-en-ciel-300x300.png 300w, https:\/\/www.mariechristine-geney.net\/ud\/wp-content\/uploads\/2013\/11\/bulle-arc-en-ciel-160x160.png 160w, https:\/\/www.mariechristine-geney.net\/ud\/wp-content\/uploads\/2013\/11\/bulle-arc-en-ciel-240x240.png 240w, https:\/\/www.mariechristine-geney.net\/ud\/wp-content\/uploads\/2013\/11\/bulle-arc-en-ciel-60x60.png 60w, https:\/\/www.mariechristine-geney.net\/ud\/wp-content\/uploads\/2013\/11\/bulle-arc-en-ciel-184x184.png 184w, https:\/\/www.mariechristine-geney.net\/ud\/wp-content\/uploads\/2013\/11\/bulle-arc-en-ciel.png 308w\" sizes=\"(max-width: 21px) 100vw, 21px\" \/><strong>\u00a0Pour une prise en charge th\u00e9rapeutique efficace<\/strong><br \/>\n<strong> un engagement de 5 s\u00e9ances et fortement recommand\u00e9.<\/strong><\/p>\n<p style=\"text-align: center;\"><strong><img loading=\"lazy\" decoding=\"async\" class=\"alignnone wp-image-1966\" src=\"http:\/\/www.mariechristine-geney.net\/ud\/wp-content\/uploads\/2013\/11\/bulle-arc-en-ciel-150x150.png\" alt=\"bulle-arc-en-ciel\" width=\"21\" height=\"21\" srcset=\"https:\/\/www.mariechristine-geney.net\/ud\/wp-content\/uploads\/2013\/11\/bulle-arc-en-ciel-150x150.png 150w, https:\/\/www.mariechristine-geney.net\/ud\/wp-content\/uploads\/2013\/11\/bulle-arc-en-ciel-300x300.png 300w, https:\/\/www.mariechristine-geney.net\/ud\/wp-content\/uploads\/2013\/11\/bulle-arc-en-ciel-160x160.png 160w, https:\/\/www.mariechristine-geney.net\/ud\/wp-content\/uploads\/2013\/11\/bulle-arc-en-ciel-240x240.png 240w, https:\/\/www.mariechristine-geney.net\/ud\/wp-content\/uploads\/2013\/11\/bulle-arc-en-ciel-60x60.png 60w, https:\/\/www.mariechristine-geney.net\/ud\/wp-content\/uploads\/2013\/11\/bulle-arc-en-ciel-184x184.png 184w, https:\/\/www.mariechristine-geney.net\/ud\/wp-content\/uploads\/2013\/11\/bulle-arc-en-ciel.png 308w\" sizes=\"(max-width: 21px) 100vw, 21px\" \/>\u00a0Nul n\u2019est besoin de savoir peindre ou dessiner, les exercices se font les yeux ferm\u00e9s, laissant ainsi l\u2019inconscient s\u2019exprimer librement.<\/strong><\/p>\n<p>[\/et_pb_text][\/et_pb_column][\/et_pb_row][\/et_pb_section]<\/p>\n","protected":false},"excerpt":{"rendered":"<p>\u00a0Qu\u2019est-ce que l\u2019art-th\u00e9rapie ? L\u2019art-th\u00e9rapie est une forme de psychoth\u00e9rapie qui utilise la cr\u00e9ation artistique (dessin, peinture, collage, sculpture \u2026) pour prendre contact avec sa vie int\u00e9rieur, l\u2019exprimer et se transformer. (sentiments, \u00e9motions, r\u00eaves, inconscient \u2026) Sans se pr\u00e9occuper de la qualit\u00e9 ou de l\u2019apparence de l\u2019\u0153uvre finale, la d\u00e9marche th\u00e9rapeutique consiste \u00e0 laisser progressivement [&hellip;]<\/p>\n","protected":false},"author":1,"featured_media":0,"parent":0,"menu_order":2,"comment_status":"closed","ping_status":"closed","template":"","meta":{"_et_pb_use_builder":"on","_et_pb_old_content":"<h1 style=\"text-align: center;\"><img class=\"alignnone wp-image-1966\" src=\"http:\/\/www.mariechristine-geney.net\/ud\/wp-content\/uploads\/2013\/11\/bulle-arc-en-ciel-150x150.png\" alt=\"bulle-arc-en-ciel\" width=\"31\" height=\"26\" \/>\u00a0<strong>Qu\u2019est-ce que l\u2019art-th\u00e9rapie ?<\/strong><\/h1>\r\n<p><a href=\"http:\/\/www.mariechristine-geney.net\/ud\/wp-content\/uploads\/2013\/11\/art-therapie-marie-christine-geney.jpg\"><img class=\"aligncenter size-medium wp-image-1967\" src=\"http:\/\/www.mariechristine-geney.net\/ud\/wp-content\/uploads\/2013\/11\/art-therapie-marie-christine-geney-300x197.jpg\" alt=\"art-therapie-marie-christine-geney\" width=\"300\" height=\"197\" \/><\/a><\/p>\r\n<p style=\"text-align: center;\">L\u2019art-th\u00e9rapie est une forme de psychoth\u00e9rapie qui utilise la cr\u00e9ation artistique (dessin, peinture, collage, sculpture \u2026)<br \/>pour prendre contact avec sa vie int\u00e9rieur, l\u2019exprimer et se transformer.<br \/>(sentiments, \u00e9motions, r\u00eaves, inconscient \u2026)<\/p>\r\n<p style=\"text-align: center;\">Sans se pr\u00e9occuper de la qualit\u00e9 ou de l\u2019apparence de l\u2019\u0153uvre finale,<br \/>la d\u00e9marche th\u00e9rapeutique consiste \u00e0 laisser progressivement surgir<br \/>des images int\u00e9rieures, qui peuvent \u00eatre autan le reflet d\u2019exp\u00e9riences du pass\u00e9 que de r\u00eaves auxquels on aspire.<br \/>Le geste cr\u00e9e avec l\u2019aide du corps en mouvement une \u0153uvre concr\u00e8te<br \/>en sollicitant l\u2019imagination, l\u2019intuition, la pens\u00e9e et les \u00e9motions.<br \/>Les images ou les formes ainsi cr\u00e9\u00e9es, d\u00e9voilent certains aspects de soi et peuvent g\u00e9n\u00e9rer une vision et des comportements nouveaux qui contribueront \u00e0 des gu\u00e9risons physiques, \u00e9motives ou spirituelles.<\/p>\r\n<h1 style=\"text-align: center;\"><img class=\"alignnone wp-image-1966\" src=\"http:\/\/www.mariechristine-geney.net\/ud\/wp-content\/uploads\/2013\/11\/bulle-arc-en-ciel-150x150.png\" alt=\"bulle-arc-en-ciel\" width=\"31\" height=\"26\" \/><strong>\u00a0L\u2019art-th\u00e9rapie pour qui ?<\/strong><\/h1>\r\n<p style=\"text-align: center;\">Les applications de l\u2019art-th\u00e9rapie sont multiples :<br \/>stress, angoisse, anxi\u00e9t\u00e9, manque de confiance, mauvaise image de soi, addiction, phobie, gestion des \u00e9motions, crise d\u2019adolescence,<br \/>aide aux personnes \u00e2g\u00e9es, aux enfants etc\u2026<\/p>\r\n<h1 style=\"text-align: center;\"><img class=\"alignnone wp-image-1966\" src=\"http:\/\/www.mariechristine-geney.net\/ud\/wp-content\/uploads\/2013\/11\/bulle-arc-en-ciel-150x150.png\" alt=\"bulle-arc-en-ciel\" width=\"31\" height=\"26\" \/>\u00a0<strong>L\u2019art-th\u00e9rapie en pratique<\/strong><\/h1>\r\n<p style=\"text-align: center;\">Une s\u00e9ance d\u2019art-th\u00e9rapie se d\u00e9roule individuellement ou en groupe.<br \/>Le th\u00e9rapeute cherche \u00e0 d\u00e9finir les motifs et les objectifs qui am\u00e8nent<br \/>le participant \u00e0 suivre une th\u00e9rapie afin de mieux le guider,<br \/>puis le travail de cr\u00e9ation commence.<br \/>Les yeux ferm\u00e9s les mains se d\u00e9placent librement et instinctivement<br \/>sur la feuille de papier.<br \/>Des formes se cr\u00e9ent, se d\u00e9posent \u00e0 notre insu formant un motif ou pas.<br \/>L\u2019inconscient s\u2019exprime et nous guide vers la probl\u00e9matique actuelle.<br \/>C\u2019est en observant la mani\u00e8re de structurer l\u2019espace,<br \/>de disposer les formes, d\u2019utiliser les couleurs, d\u2019associer les id\u00e9es<br \/>que l\u2019on parvient \u00e0 donner un sens \u00e0 sa cr\u00e9ation et \u00e0 s\u2019en inspirer<br \/>pour effectuer les changements d\u00e9sir\u00e9s dans sa vie.<\/p>\r\n<h1 style=\"text-align: center;\"><img class=\"alignnone wp-image-1966\" src=\"http:\/\/www.mariechristine-geney.net\/ud\/wp-content\/uploads\/2013\/11\/bulle-arc-en-ciel-150x150.png\" alt=\"bulle-arc-en-ciel\" width=\"31\" height=\"26\" \/>\u00a0<strong>Dur\u00e9e d\u2019une th\u00e9rapie<\/strong><\/h1>\r\n<p style=\"text-align: center;\">La dur\u00e9e d\u2019une th\u00e9rapie est variable.<br \/>Il se peut que quelques s\u00e9ances suffisent \u00e0 cerner le probl\u00e8me.<br \/>La th\u00e9rapie peut aussi s\u2019\u00e9tendre sur un plus grand nombre de rencontres.<\/p>\r\n<p style=\"text-align: center;\"><img class=\"alignnone wp-image-1966\" src=\"http:\/\/www.mariechristine-geney.net\/ud\/wp-content\/uploads\/2013\/11\/bulle-arc-en-ciel-150x150.png\" alt=\"bulle-arc-en-ciel\" width=\"21\" height=\"21\" \/><strong>\u00a0Pour une prise en charge th\u00e9rapeutique efficace<\/strong><br \/><strong> un engagement de 5 s\u00e9ances et fortement recommand\u00e9.<\/strong><\/p>\r\n<p style=\"text-align: center;\"><strong><img class=\"alignnone wp-image-1966\" src=\"http:\/\/www.mariechristine-geney.net\/ud\/wp-content\/uploads\/2013\/11\/bulle-arc-en-ciel-150x150.png\" alt=\"bulle-arc-en-ciel\" width=\"21\" height=\"21\" \/>\u00a0Nul n\u2019est besoin de savoir peindre ou dessiner, les exercices se font les yeux ferm\u00e9s, laissant ainsi l\u2019inconscient s\u2019exprimer librement.<\/strong><\/p>","_et_gb_content_width":"","footnotes":""},"class_list":["post-7","page","type-page","status-publish","hentry"],"aioseo_notices":[],"_links":{"self":[{"href":"https:\/\/www.mariechristine-geney.net\/ud\/wp-json\/wp\/v2\/pages\/7","targetHints":{"allow":["GET"]}}],"collection":[{"href":"https:\/\/www.mariechristine-geney.net\/ud\/wp-json\/wp\/v2\/pages"}],"about":[{"href":"https:\/\/www.mariechristine-geney.net\/ud\/wp-json\/wp\/v2\/types\/page"}],"author":[{"embeddable":true,"href":"https:\/\/www.mariechristine-geney.net\/ud\/wp-json\/wp\/v2\/users\/1"}],"replies":[{"embeddable":true,"href":"https:\/\/www.mariechristine-geney.net\/ud\/wp-json\/wp\/v2\/comments?post=7"}],"version-history":[{"count":20,"href":"https:\/\/www.mariechristine-geney.net\/ud\/wp-json\/wp\/v2\/pages\/7\/revisions"}],"predecessor-version":[{"id":2151,"href":"https:\/\/www.mariechristine-geney.net\/ud\/wp-json\/wp\/v2\/pages\/7\/revisions\/2151"}],"wp:attachment":[{"href":"https:\/\/www.mariechristine-geney.net\/ud\/wp-json\/wp\/v2\/media?parent=7"}],"curies":[{"name":"wp","href":"https:\/\/api.w.org\/{rel}","templated":true}]}}