{"id":66,"date":"2013-11-19T14:57:48","date_gmt":"2013-11-19T13:57:48","guid":{"rendered":"http:\/\/www.mariechristine-geney.net\/ud\/?page_id=66"},"modified":"2021-02-23T14:04:30","modified_gmt":"2021-02-23T13:04:30","slug":"initiations","status":"publish","type":"page","link":"https:\/\/www.mariechristine-geney.net\/ud\/initiations","title":{"rendered":"Initiations"},"content":{"rendered":"<p>[et_pb_section fb_built=\u00a0\u00bb1&Prime; _builder_version=\u00a0\u00bb4.9.0&Prime; background_color=\u00a0\u00bbrgba(255,255,255,0.3)\u00a0\u00bb custom_padding=\u00a0\u00bb4px|||||\u00a0\u00bb][et_pb_row _builder_version=\u00a0\u00bb3.25&Prime; background_size=\u00a0\u00bbinitial\u00a0\u00bb background_position=\u00a0\u00bbtop_left\u00a0\u00bb background_repeat=\u00a0\u00bbrepeat\u00a0\u00bb][et_pb_column type=\u00a0\u00bb4_4&Prime; _builder_version=\u00a0\u00bb3.25&Prime; custom_padding=\u00a0\u00bb|||\u00a0\u00bb custom_padding__hover=\u00a0\u00bb|||\u00a0\u00bb][et_pb_text _builder_version=\u00a0\u00bb4.9.0&Prime; background_color=\u00a0\u00bbrgba(255,255,255,0.8)\u00a0\u00bb background_size=\u00a0\u00bbinitial\u00a0\u00bb background_position=\u00a0\u00bbtop_left\u00a0\u00bb background_repeat=\u00a0\u00bbrepeat\u00a0\u00bb hover_enabled=\u00a0\u00bb0&Prime; sticky_enabled=\u00a0\u00bb0&Prime; custom_padding=\u00a0\u00bb20px|20px|20px|20px|false|false\u00a0\u00bb]<\/p>\n<p>&nbsp;<\/p>\n<p style=\"text-align: center;\"><a href=\"http:\/\/www.mariechristine-geney.net\/ud\/wp-content\/uploads\/2013\/11\/Mains_lumi_re1.jpg\"><img loading=\"lazy\" decoding=\"async\" src=\"http:\/\/www.mariechristine-geney.net\/ud\/wp-content\/uploads\/2013\/11\/Mains_lumi_re1-150x150.jpg\" alt=\"Mains_lumi_re[1]\" width=\"75\" height=\"73\" \/><\/a><\/p>\n<p style=\"text-align: center;\"><strong><span style=\"font-size: 16px;\">\u00a0REIKI USUI SHIKI RYOHO<\/span><\/strong><\/p>\n<p style=\"text-align: center;\"><strong><span style=\"font-size: 16px;\">AMA DEUS,\u00a0\u00a0 Syst\u00e8me de gu\u00e9rison chamanique<\/span><\/strong><\/p>\n<p style=\"text-align: center;\"><strong><span style=\"font-size: 16px;\">FLAMME VIOLETTE, VIOLET-ARGENT<\/span><\/strong><\/p>\n<p>&nbsp;<\/p>\n<p style=\"text-align: center;\">\u00a0<span style=\"text-decoration: underline;\"><strong>Toutes les initiations peuvent se faire \u00e9galement \u00e0 distance.<\/strong><\/span><\/p>\n<p style=\"text-align: center;\">[\/et_pb_text][et_pb_text _builder_version=\u00a0\u00bb4.9.0&Prime; background_color=\u00a0\u00bbrgba(255,255,255,0.8)\u00a0\u00bb background_size=\u00a0\u00bbinitial\u00a0\u00bb background_position=\u00a0\u00bbtop_left\u00a0\u00bb background_repeat=\u00a0\u00bbrepeat\u00a0\u00bb hover_enabled=\u00a0\u00bb0&Prime; sticky_enabled=\u00a0\u00bb0&Prime; custom_padding=\u00a0\u00bb20px|20px|20px|20px|false|false\u00a0\u00bb]<\/p>\n<p>&nbsp;<\/p>\n<p style=\"text-align: center;\"><span style=\"font-size: 16px; text-decoration: underline;\"><strong><a href=\"http:\/\/www.mariechristine-geney.net\/ud\/wp-content\/uploads\/2013\/11\/reiki.jpg\"><img loading=\"lazy\" decoding=\"async\" class=\"alignnone size-medium wp-image-87\" src=\"http:\/\/www.mariechristine-geney.net\/ud\/wp-content\/uploads\/2013\/11\/reiki-300x300.jpg\" alt=\"reiki\" width=\"102\" height=\"101\" srcset=\"https:\/\/www.mariechristine-geney.net\/ud\/wp-content\/uploads\/2013\/11\/reiki-300x300.jpg 300w, https:\/\/www.mariechristine-geney.net\/ud\/wp-content\/uploads\/2013\/11\/reiki-150x150.jpg 150w, https:\/\/www.mariechristine-geney.net\/ud\/wp-content\/uploads\/2013\/11\/reiki-1024x1024.jpg 1024w, https:\/\/www.mariechristine-geney.net\/ud\/wp-content\/uploads\/2013\/11\/reiki-160x160.jpg 160w, https:\/\/www.mariechristine-geney.net\/ud\/wp-content\/uploads\/2013\/11\/reiki-240x240.jpg 240w, https:\/\/www.mariechristine-geney.net\/ud\/wp-content\/uploads\/2013\/11\/reiki-60x60.jpg 60w, https:\/\/www.mariechristine-geney.net\/ud\/wp-content\/uploads\/2013\/11\/reiki-184x184.jpg 184w, https:\/\/www.mariechristine-geney.net\/ud\/wp-content\/uploads\/2013\/11\/reiki.jpg 1564w\" sizes=\"(max-width: 102px) 100vw, 102px\" \/><\/a><\/strong><\/span><\/p>\n<p style=\"text-align: center;\"><span style=\"font-size: 16px; text-decoration: underline;\"><strong>REIKI USUI SHIKI RYOHO<\/strong><\/span><\/p>\n<p style=\"text-align: center;\">REIKI veut dire \u00ab\u00a0<strong><span style=\"text-decoration: underline;\">Energie Vitale Universelle<\/span><\/strong>\u00ab\u00a0.<\/p>\n<p style=\"text-align: center;\">Le KI\u00a0est aussi le CHI des chinois, la\u00a0Lumi\u00e8re des chr\u00e9tiens, le Pr\u00e2na des Hindous, la Bio\u00e9nergie des scientifiques occidentaux.<\/p>\n<p style=\"text-align: center;\">Le REIKI est une puissante m\u00e9thode d&rsquo;auto-gu\u00e9rison et de relaxation.<\/p>\n<p style=\"text-align: center;\">Tout le monde peut facilement l&rsquo;apprendre, m\u00eame les enfants.<\/p>\n<p style=\"text-align: center;\">Il renforce toute th\u00e9rapie et tout traitement m\u00e9dical par son action purificatrice.<\/p>\n<p style=\"text-align: center;\">L&rsquo;\u00e9nergie du REIKI est disponible en permanence. Plus vous l&rsquo;utilisez, plus l&rsquo;\u00e9nergie passe en vous avec force.<\/p>\n<p style=\"text-align: center;\">Le REIKI n&rsquo;est ni une croyance, ni une religion et peut \u00eatre pratiqu\u00e9 par tous. Il est une puissante m\u00e9thode de m\u00e9ditation et de d\u00e9veloppement personnel.<\/p>\n<p style=\"text-align: center;\">La\u00a0transmission du REIKI ne peut se faire que par un <span style=\"text-decoration: underline;\">Ma\u00eetre REIKI<\/span>.<\/p>\n<p style=\"text-align: center;\">Une fois initi\u00e9 vous avez le REIKI pour toute votre vie.<\/p>\n<p style=\"text-align: center;\">Plus vous l&rsquo;utilisez, plus il devient puissant.<\/p>\n<p style=\"text-align: center;\">Il existe traditionnellement\u00a0 3\u00a0 degr\u00e9s d&rsquo;initiation au REIKI.<\/p>\n<p style=\"text-align: center;\"><span style=\"text-decoration: underline;\">1er degr\u00e9<\/span> : vous permet d&rsquo;utiliser le Reiki pour vous- m\u00eame.<\/p>\n<p style=\"text-align: center;\"><span style=\"text-decoration: underline;\">2\u00e8me degr\u00e9<\/span> :par la transmission de symboles, accentue votre puissance de REIKI et vous permet de l&rsquo;utiliser \u00e0 distance.<\/p>\n<p style=\"text-align: center;\"><span style=\"text-decoration: underline;\">3\u00e8me degr\u00e9<\/span> : renforce encore cette puissance et vous permet de l&rsquo;enseigner aux autres.<\/p>\n<p style=\"text-align: center;\">Apr\u00e8s chaque degr\u00e9 d&rsquo;\u00a0initiation vous recevrez un manuel explicatif ainsi qu&rsquo;un dipl\u00f4me.<\/p>\n<p style=\"text-align: center;\">Apr\u00e8s votre 3\u00e8me degr\u00e9, vous serez \u00a0Ma\u00eetre Reiki et pourrez \u00e0 votre tour transmettre les initiations<\/p>\n<p style=\"text-align: center;\">du Reiki Usui.<\/p>\n<p style=\"text-align: center;\"><strong><span style=\"text-decoration: underline;\">Tarifs<\/span>:\u00a0\u00a0\u00a0\u00a0\u00a0\u00a0\u00a0\u00a0\u00a0\u00a0 \u00a0\u00a0\u00a0\u00a0 \u00a01er degr\u00e9\u00a0\u00a0\u00a0:\u00a0 150\u20ac<\/strong><\/p>\n<p style=\"text-align: center;\"><strong>\u00a0\u00a0\u00a0\u00a0\u00a0\u00a0\u00a0\u00a0\u00a0\u00a0\u00a0\u00a0\u00a0\u00a0\u00a0\u00a0\u00a0\u00a0\u00a0\u00a0\u00a0\u00a0\u00a0 \u00a0\u00a0 2\u00e8me degr\u00e9\u00a0 :\u00a0 200\u20ac<\/strong><\/p>\n<p style=\"text-align: center;\"><strong>\u00a0\u00a0\u00a0\u00a0\u00a0\u00a0\u00a0\u00a0\u00a0\u00a0\u00a0\u00a0\u00a0\u00a0\u00a0\u00a0\u00a0\u00a0\u00a0\u00a0\u00a0\u00a0\u00a0\u00a0 \u00a0 3\u00e8me degr\u00e9\u00a0 :\u00a0 350\u20ac<\/strong><\/p>\n<p>[\/et_pb_text][et_pb_text _builder_version=\u00a0\u00bb4.9.0&Prime; background_color=\u00a0\u00bbrgba(255,255,255,0.8)\u00a0\u00bb background_size=\u00a0\u00bbinitial\u00a0\u00bb background_position=\u00a0\u00bbtop_left\u00a0\u00bb background_repeat=\u00a0\u00bbrepeat\u00a0\u00bb hover_enabled=\u00a0\u00bb0&Prime; sticky_enabled=\u00a0\u00bb0&Prime; custom_padding=\u00a0\u00bb20px|20px|20px|20px|false|false\u00a0\u00bb]<\/p>\n<p style=\"text-align: center;\"><span style=\"font-size: 16px; text-decoration: underline;\"><strong><a href=\"http:\/\/www.mariechristine-geney.net\/ud\/wp-content\/uploads\/2013\/11\/indiens.jpg\"><img loading=\"lazy\" decoding=\"async\" class=\"alignnone size-thumbnail wp-image-89\" src=\"http:\/\/www.mariechristine-geney.net\/ud\/wp-content\/uploads\/2013\/11\/indiens-150x150.jpg\" alt=\"indiens\" width=\"135\" height=\"136\" srcset=\"https:\/\/www.mariechristine-geney.net\/ud\/wp-content\/uploads\/2013\/11\/indiens-150x150.jpg 150w, https:\/\/www.mariechristine-geney.net\/ud\/wp-content\/uploads\/2013\/11\/indiens-160x160.jpg 160w, https:\/\/www.mariechristine-geney.net\/ud\/wp-content\/uploads\/2013\/11\/indiens-60x60.jpg 60w, https:\/\/www.mariechristine-geney.net\/ud\/wp-content\/uploads\/2013\/11\/indiens-184x184.jpg 184w\" sizes=\"(max-width: 135px) 100vw, 135px\" \/><\/a><\/strong><\/span><\/p>\n<p style=\"text-align: center;\"><span style=\"font-size: 16px; text-decoration: underline;\"><strong>AMA DEUS<\/strong><\/span><span style=\"font-size: 16px;\"><strong>\u00a0,\u00a0\u00a0\u00a0<\/strong><\/span><span style=\"font-size: 16px; text-decoration: underline;\"><strong> Syst\u00e8me de gu\u00e9rison\u00a0chamanique\u00a0<\/strong><\/span><\/p>\n<p style=\"text-align: center;\">\u00a0\u00a0Ama Deus est un syst\u00e8me de gu\u00e9rison chamanique puissant bas\u00e9 sur l&rsquo;\u00e9nergie.<\/p>\n<p style=\"text-align: center;\">Il est \u00a0utilis\u00e9 par les indiens GUARANI, depuis 6000 ans.<\/p>\n<p style=\"text-align: center;\">Ces indiens vivent dans la jungle amazonienne du centre du Br\u00e9sil.<\/p>\n<p style=\"text-align: center;\">Leur culture est tr\u00e8s proche de la nature et leur langage chamanique est extr\u00e8mement simple et efficace.<\/p>\n<p style=\"text-align: center;\">Conform\u00e9ment \u00e0 leurs croyances la maladie n&rsquo;existe pas.<\/p>\n<p style=\"text-align: center;\">Tout est Esprit et ce sont des forces ext\u00e9rieures qui cr\u00e9ent des d\u00e9s\u00e9quilibres.<\/p>\n<p style=\"text-align: center;\">Lorsque celles ci ont \u00e9t\u00e9 retir\u00e9es (un mauvais Esprit) leurs effets sur le corps disparaissent et l&rsquo;\u00e9quilibre se r\u00e9tablit.<\/p>\n<p style=\"text-align: center;\">Les mots utilis\u00e9s pour Dieu et Amour sont interchangeables, ils ne servent qu&rsquo;\u00e0 transmettre l&rsquo;\u00e9nergie de gu\u00e9rison.<\/p>\n<p style=\"text-align: center;\">Le syst\u00e8me Ama Deus\u00a0se sert de l&rsquo;Amour Divin et d&rsquo;une s\u00e9rie de symboles anciens (sans nom et sans couleur).<\/p>\n<p style=\"text-align: center;\">Ce sont des symboles multidimensionnels qui ont des applications bien sp\u00e9cifiques.<\/p>\n<p style=\"text-align: center;\">Ce syst\u00e8me cherche \u00e0 \u00e9quilibrer les centres \u00e9nerg\u00e9tiques du corps.<\/p>\n<p style=\"text-align: center;\">Il\u00a0utilise des techniques de visualisation qui passent par le Troisi\u00e8me Oeil.<\/p>\n<p style=\"text-align: center;\">Ces symboles peuvent aussi \u00eatre dessin\u00e9s de la main.<\/p>\n<p style=\"text-align: center;\">Ce syst\u00e8me est bas\u00e9 sur le passage de l&rsquo;\u00e9nergie au travers d&rsquo;un canal cr\u00e9\u00e9 entre l&rsquo;homme et le Divin.<\/p>\n<p style=\"text-align: center;\">En d&rsquo;autres termes, c&rsquo;est une porte ouverte \u00e0 l&rsquo;Amour Divin qui passe par le chakra du Coeur.<\/p>\n<p style=\"text-align: center;\">Ce canal est activ\u00e9 en r\u00e9p\u00e9tant trois fois le mantra du symbole.<\/p>\n<p style=\"text-align: center;\">Il est soutenu par une technique de respiration et par une puissante visualisation.<\/p>\n<p style=\"text-align: center;\"><span style=\"text-decoration: underline;\">Le syst\u00e8me Ama Deus peut \u00eatre utilis\u00e9 pour<\/span> : se traiter soi-m\u00eame et les autres, travailler \u00e0 distance ,traiter les situations d&rsquo;urgence, les animaux, les plantes,accompagner les mourants dans la spiritualit\u00e9, accompagner l&rsquo;\u00e2me des d\u00e9funts dans leur transition vers le monde spirituel, purifier l&rsquo;eau, la nouriture, les m\u00e9dicaments etc, gu\u00e9rison du coeur \u00e9motionnel, gu\u00e9rison de la terre, aider les b\u00e9b\u00e9s \u00e0 s&rsquo;ancrer physiquement et \u00e0 entrer en douceur dans le monde, recevoir un don spirituel lors de son anniversaire, recevoir des enseignements spirituels au cours des r\u00eaves, se reconnecter \u00e0 des vies ant\u00e9rieures\u00a0par le biais des dossiers akashiques, soutenir les chefs d&rsquo;etats et les leaders dans la prise de d\u00e9cisions qui peuvent affecter le monde\u00a0, exorcisme.<\/p>\n<p style=\"text-align: center;\">Apr\u00e8s votre initiation vous recevrez un manuel explicatif et un dipl\u00f4me.<\/p>\n<p style=\"text-align: center;\">Vous pourrez transmettre \u00e0 votre tour\u00a0les enseignements du syst\u00e8me Ama Deus.<\/p>\n<p style=\"text-align: center;\">Pour les initiations \u00e0 distance vous recevrez le manuel avant les initiations.<\/p>\n<p style=\"text-align: center;\"><strong>\u00a0<span style=\"text-decoration: underline;\">Tarif\u00a0<\/span> :\u00a0\u00a0\u00a0\u00a0\u00a0\u00a0\u00a0\u00a0\u00a0\u00a0\u00a0 \u00a03 initiations\u00a0\u00a0\u00a0\u00a0\u00a0\u00a0\u00a0\u00a0\u00a0200\u20ac<\/strong><\/p>\n<p style=\"text-align: center;\">[\/et_pb_text][et_pb_text _builder_version=\u00a0\u00bb4.9.0&Prime; background_color=\u00a0\u00bbrgba(255,255,255,0.8)\u00a0\u00bb background_size=\u00a0\u00bbinitial\u00a0\u00bb background_position=\u00a0\u00bbtop_left\u00a0\u00bb background_repeat=\u00a0\u00bbrepeat\u00a0\u00bb hover_enabled=\u00a0\u00bb0&Prime; sticky_enabled=\u00a0\u00bb0&Prime; custom_padding=\u00a0\u00bb20px|20px|20px|20px|false|false\u00a0\u00bb]<\/p>\n<p style=\"text-align: center;\"><span style=\"font-size: 16px;\"><strong><span style=\"text-decoration: underline;\"><a href=\"http:\/\/www.mariechristine-geney.net\/ud\/wp-content\/uploads\/2013\/11\/imagesCA957KGZ.jpg\"><img loading=\"lazy\" decoding=\"async\" class=\"alignnone size-thumbnail wp-image-90\" src=\"http:\/\/www.mariechristine-geney.net\/ud\/wp-content\/uploads\/2013\/11\/imagesCA957KGZ-150x150.jpg\" alt=\"imagesCA957KGZ\" width=\"119\" height=\"131\" \/><\/a><\/span><\/strong><\/span><\/p>\n<p style=\"text-align: center;\"><span style=\"font-size: 16px;\"><strong><span style=\"text-decoration: underline;\">FLAMME VIOLETTE.<\/span><\/strong><\/span><\/p>\n<p style=\"text-align: center;\"><span style=\"font-size: 16px;\"><strong><span style=\"text-decoration: underline;\">FLAMME VIOLET-ARGENT.<\/span><\/strong><\/span><\/p>\n<p style=\"text-align: center;\">l&rsquo;utilisation de la Flamme Violette est accessible \u00e0 tous.<\/p>\n<p style=\"text-align: center;\">Elle se pratique par invocation de la Flamme \u00e0 l&rsquo;aide d&rsquo;Appels ou de D\u00e9cr\u00e8ts qu&rsquo;il faut r\u00e9citer \u00e0 voix haute\u00a0 et par trois fois.<\/p>\n<p style=\"text-align: center;\">Plus l&rsquo;invocation est forte, plus l&rsquo;intensit\u00e9 de la Flamme est pr\u00e9sente.<\/p>\n<p style=\"text-align: center;\">Alors s&rsquo;op\u00e9re un changement vibratoire de la personne qui fait l&rsquo;appel.<\/p>\n<p style=\"text-align: center;\">A chaque fois que vous appelez la Flamme Violette visualisez (ou imaginez) en m\u00eame temps la Flamme.<\/p>\n<p style=\"text-align: center;\">Elle peut prendre diff\u00e9rentes formes, diff\u00e9rentes couleurs (allant du violet fonc\u00e9 au rose fushia).<\/p>\n<p style=\"text-align: center;\">Plus vous invoquerez la flamme Purificatrice de la Transmutation, plus vous l&rsquo;aimerez.<\/p>\n<p style=\"text-align: center;\">Plus vous l&rsquo;aimerez, plus elle vous aimera et par son amour elle enl\u00e8vera de vous toute substance qui para\u00eet \u00eatre une limitation pour vous.<\/p>\n<p style=\"text-align: center;\">Aussi plus vous\u00a0 l&rsquo;utiliserez, plus elle vous para\u00eetra r\u00e9elle, plus elle vous \u00e9l\u00e8vera.<\/p>\n<p style=\"text-align: center;\">A chaque appel, maintenez votre attention calme et concentr\u00e9e.<\/p>\n<p style=\"text-align: center;\">Sentez passer la Flamme Violette par votre corps jusqu&rsquo;\u00e0 ce que la joie et le bonheur de son pouvoir commencent \u00e0 vous rendre plus l\u00e9gers et bien \u00e0 l&rsquo;aise.<\/p>\n<p style=\"text-align: center;\">Avec votre initiation vous recevrez un manuel explicatif qui vous permettra de transmettre<\/p>\n<p style=\"text-align: center;\">\u00e0 votre tour,\u00a0la Flamme Violet- Argent.<\/p>\n<p style=\"text-align: center;\">L&rsquo;initiation peut se faire \u00e9galement\u00a0\u00e0 distance.<\/p>\n<p style=\"text-align: center;\"><strong><span style=\"text-decoration: underline;\">Tarif\u00a0<\/span> :\u00a0 60\u20ac<\/strong><\/p>\n<p style=\"text-align: center;\"><strong><\/strong><\/p>\n<p>[\/et_pb_text][\/et_pb_column][\/et_pb_row][\/et_pb_section]<\/p>\n","protected":false},"excerpt":{"rendered":"<p>&nbsp; \u00a0REIKI USUI SHIKI RYOHO AMA DEUS,\u00a0\u00a0 Syst\u00e8me de gu\u00e9rison chamanique FLAMME VIOLETTE, VIOLET-ARGENT &nbsp; \u00a0Toutes les initiations peuvent se faire \u00e9galement \u00e0 distance. &nbsp; REIKI USUI SHIKI RYOHO REIKI veut dire \u00ab\u00a0Energie Vitale Universelle\u00a0\u00bb. Le KI\u00a0est aussi le CHI des chinois, la\u00a0Lumi\u00e8re des chr\u00e9tiens, le Pr\u00e2na des Hindous, la Bio\u00e9nergie des scientifiques occidentaux. Le [&hellip;]<\/p>\n","protected":false},"author":1,"featured_media":0,"parent":0,"menu_order":0,"comment_status":"open","ping_status":"open","template":"","meta":{"_et_pb_use_builder":"on","_et_pb_old_content":"Pour Editer la page, il faut\u00a0descendre plus bas dans la partie \"Layout Builder\" et rentrer dans un bloc bleu en cliquant sur les trois petites lignes horizontales.","_et_gb_content_width":"","footnotes":""},"class_list":["post-66","page","type-page","status-publish","hentry"],"aioseo_notices":[],"_links":{"self":[{"href":"https:\/\/www.mariechristine-geney.net\/ud\/wp-json\/wp\/v2\/pages\/66","targetHints":{"allow":["GET"]}}],"collection":[{"href":"https:\/\/www.mariechristine-geney.net\/ud\/wp-json\/wp\/v2\/pages"}],"about":[{"href":"https:\/\/www.mariechristine-geney.net\/ud\/wp-json\/wp\/v2\/types\/page"}],"author":[{"embeddable":true,"href":"https:\/\/www.mariechristine-geney.net\/ud\/wp-json\/wp\/v2\/users\/1"}],"replies":[{"embeddable":true,"href":"https:\/\/www.mariechristine-geney.net\/ud\/wp-json\/wp\/v2\/comments?post=66"}],"version-history":[{"count":5,"href":"https:\/\/www.mariechristine-geney.net\/ud\/wp-json\/wp\/v2\/pages\/66\/revisions"}],"predecessor-version":[{"id":2139,"href":"https:\/\/www.mariechristine-geney.net\/ud\/wp-json\/wp\/v2\/pages\/66\/revisions\/2139"}],"wp:attachment":[{"href":"https:\/\/www.mariechristine-geney.net\/ud\/wp-json\/wp\/v2\/media?parent=66"}],"curies":[{"name":"wp","href":"https:\/\/api.w.org\/{rel}","templated":true}]}}