{"id":58,"date":"2013-11-19T13:24:49","date_gmt":"2013-11-19T12:24:49","guid":{"rendered":"http:\/\/www.mariechristine-geney.net\/ud\/?page_id=58"},"modified":"2021-02-23T14:12:07","modified_gmt":"2021-02-23T13:12:07","slug":"presentation-2","status":"publish","type":"page","link":"https:\/\/www.mariechristine-geney.net\/ud\/presentation-2","title":{"rendered":"Pr\u00e9sentation"},"content":{"rendered":"<p>[et_pb_section fb_built=\u00a0\u00bb1&Prime; _builder_version=\u00a0\u00bb4.9.0&Prime; background_color=\u00a0\u00bbrgba(255,255,255,0.3)\u00a0\u00bb custom_padding=\u00a0\u00bb42px|||||\u00a0\u00bb][et_pb_row _builder_version=\u00a0\u00bb4.9.0&Prime; background_color=\u00a0\u00bbrgba(255,255,255,0.8)\u00a0\u00bb background_size=\u00a0\u00bbinitial\u00a0\u00bb background_position=\u00a0\u00bbtop_left\u00a0\u00bb background_repeat=\u00a0\u00bbrepeat\u00a0\u00bb][et_pb_column type=\u00a0\u00bb4_4&Prime; _builder_version=\u00a0\u00bb3.25&Prime; custom_padding=\u00a0\u00bb|||\u00a0\u00bb custom_padding__hover=\u00a0\u00bb|||\u00a0\u00bb][et_pb_text _builder_version=\u00a0\u00bb4.9.0&Prime; background_size=\u00a0\u00bbinitial\u00a0\u00bb background_position=\u00a0\u00bbtop_left\u00a0\u00bb background_repeat=\u00a0\u00bbrepeat\u00a0\u00bb]<\/p>\n<p style=\"text-align: center;\" align=\"center\"><a href=\"http:\/\/www.mariechristine-geney.net\/ud\/wp-content\/uploads\/2013\/11\/MarieChristineGeney.jpg\"><img loading=\"lazy\" decoding=\"async\" class=\"aligncenter  wp-image-54\" src=\"http:\/\/www.mariechristine-geney.net\/ud\/wp-content\/uploads\/2013\/11\/MarieChristineGeney-221x300.jpg\" alt=\"MarieChristineGeney\" width=\"155\" height=\"210\" srcset=\"https:\/\/www.mariechristine-geney.net\/ud\/wp-content\/uploads\/2013\/11\/MarieChristineGeney-221x300.jpg 221w, https:\/\/www.mariechristine-geney.net\/ud\/wp-content\/uploads\/2013\/11\/MarieChristineGeney.jpg 472w\" sizes=\"(max-width: 155px) 100vw, 155px\" \/><\/a><\/p>\n<p align=\"center\">\u00a0<\/p>\n<p align=\"center\">Un premier chemin m\u2019a men\u00e9 vers<br \/>\nla c\u00e9ramique Raku.<br \/>\nCe fut pour moi une r\u00e9v\u00e9lation et une grande joie pendant plus de 25 ans.<\/p>\n<p align=\"center\">\u00a0<\/p>\n<p align=\"center\">Puis ma route \u00e0 crois\u00e9 le Reiki<br \/>\net les th\u00e9rapies \u00e9nerg\u00e9tiques, et l\u00e0,<\/p>\n<p align=\"center\">\u00a0je me suis enfin, reconnue, retrouv\u00e9e et\u00a0sentie \u00e0 ma v\u00e9ritable place.<\/p>\n<p align=\"center\">\u00a0<\/p>\n<p align=\"center\">Aujourd\u2019hui, je suis <strong>Maitre Reiki<\/strong><br \/>\net apr\u00e8s\u00a0diverses formations et\u00a0un long travail<br \/>\nde d\u00e9veloppement personnel, en continuelle \u00e9volution,\u00a0je me d\u00e9fini comme un<\/p>\n<p align=\"center\">\u00a0<\/p>\n<p align=\"center\"><strong>\u00ab\u00a0Artisan du Mieux-Etre\u00a0\u00bb<\/strong><\/p>\n<p align=\"center\">et propose<\/p>\n<p align=\"center\">\u00a0<\/p>\n<p align=\"center\">des ateliers de \u00ab\u00a0D\u00e9tente Cr\u00e9ative\u00a0\u00bb ou j&rsquo;allie Art et Relaxation, pour une pause dans le calme et la convivialit\u00e9,<\/p>\n<p align=\"center\">des soins Reiki, pour Soulager gr\u00e2ce aux \u00e9nergies,<\/p>\n<p align=\"center\">des initiations, Reiki, Syst\u00e8me de gu\u00e9rison Chamanique Ama Deus, Flamme Violet-Argent, pour aller encore plus loin dans la Connaissance des \u00e9nergies,<\/p>\n<p align=\"center\">de la m\u00e9ditation, pour Calmer le mental,<\/p>\n<p align=\"center\">de la communication animale, pour Aider et mieux Comprendre nos amis les animaux et leurs gardiens.<\/p>\n<p align=\"center\">\u00a0<\/p>\n<p align=\"center\">\u00a0<\/p>\n<p style=\"text-align: center;\" align=\"center\"><img loading=\"lazy\" decoding=\"async\" class=\"aligncenter  wp-image-81\" src=\"http:\/\/www.mariechristine-geney.net\/ud\/wp-content\/uploads\/2013\/11\/logo-Mains-Coeur.png\" alt=\"logo-Mains-Coeur\" width=\"88\" height=\"84\" \/><\/p>\n<p style=\"text-align: center;\" align=\"center\">\u00a0<\/p>\n<p>[\/et_pb_text][\/et_pb_column][\/et_pb_row][\/et_pb_section]<\/p>\n","protected":false},"excerpt":{"rendered":"<p>\u00a0 Un premier chemin m\u2019a men\u00e9 vers la c\u00e9ramique Raku. Ce fut pour moi une r\u00e9v\u00e9lation et une grande joie pendant plus de 25 ans. \u00a0 Puis ma route \u00e0 crois\u00e9 le Reiki et les th\u00e9rapies \u00e9nerg\u00e9tiques, et l\u00e0, \u00a0je me suis enfin, reconnue, retrouv\u00e9e et\u00a0sentie \u00e0 ma v\u00e9ritable place. \u00a0 Aujourd\u2019hui, je suis Maitre [&hellip;]<\/p>\n","protected":false},"author":1,"featured_media":0,"parent":0,"menu_order":0,"comment_status":"open","ping_status":"open","template":"","meta":{"_et_pb_use_builder":"on","_et_pb_old_content":"<p>Pour Editer la page, il faut\u00a0descendre plus bas dans la partie \"Layout Builder\" et rentrer dans un bloc bleu en cliquant sur les trois petites lignes horizontales.<\/p>","_et_gb_content_width":"","footnotes":""},"class_list":["post-58","page","type-page","status-publish","hentry"],"aioseo_notices":[],"_links":{"self":[{"href":"https:\/\/www.mariechristine-geney.net\/ud\/wp-json\/wp\/v2\/pages\/58","targetHints":{"allow":["GET"]}}],"collection":[{"href":"https:\/\/www.mariechristine-geney.net\/ud\/wp-json\/wp\/v2\/pages"}],"about":[{"href":"https:\/\/www.mariechristine-geney.net\/ud\/wp-json\/wp\/v2\/types\/page"}],"author":[{"embeddable":true,"href":"https:\/\/www.mariechristine-geney.net\/ud\/wp-json\/wp\/v2\/users\/1"}],"replies":[{"embeddable":true,"href":"https:\/\/www.mariechristine-geney.net\/ud\/wp-json\/wp\/v2\/comments?post=58"}],"version-history":[{"count":11,"href":"https:\/\/www.mariechristine-geney.net\/ud\/wp-json\/wp\/v2\/pages\/58\/revisions"}],"predecessor-version":[{"id":2149,"href":"https:\/\/www.mariechristine-geney.net\/ud\/wp-json\/wp\/v2\/pages\/58\/revisions\/2149"}],"wp:attachment":[{"href":"https:\/\/www.mariechristine-geney.net\/ud\/wp-json\/wp\/v2\/media?parent=58"}],"curies":[{"name":"wp","href":"https:\/\/api.w.org\/{rel}","templated":true}]}}