{"id":5,"date":"2013-11-09T16:10:28","date_gmt":"2013-11-09T15:10:28","guid":{"rendered":"http:\/\/www.mariechristine-geney.net\/ud\/?page_id=5"},"modified":"2021-02-23T14:10:53","modified_gmt":"2021-02-23T13:10:53","slug":"bienvenue","status":"publish","type":"page","link":"https:\/\/www.mariechristine-geney.net\/ud\/","title":{"rendered":"Bienvenue"},"content":{"rendered":"<p>[et_pb_section fb_built=\u00a0\u00bb1&Prime; _builder_version=\u00a0\u00bb4.9.0&Prime; background_color=\u00a0\u00bbrgba(255,255,255,0.3)\u00a0\u00bb custom_padding=\u00a0\u00bb5px|||||\u00a0\u00bb][et_pb_row _builder_version=\u00a0\u00bb3.25&Prime; background_size=\u00a0\u00bbinitial\u00a0\u00bb background_position=\u00a0\u00bbtop_left\u00a0\u00bb background_repeat=\u00a0\u00bbrepeat\u00a0\u00bb][et_pb_column type=\u00a0\u00bb4_4&Prime; _builder_version=\u00a0\u00bb3.0.47&Prime; custom_padding=\u00a0\u00bb|||\u00a0\u00bb custom_padding__hover=\u00a0\u00bb|||\u00a0\u00bb][et_pb_text admin_label=\u00a0\u00bbTexte accueil\u00a0\u00bb _builder_version=\u00a0\u00bb4.9.0&Prime; background_color=\u00a0\u00bbrgba(255,255,255,0.8)\u00a0\u00bb vertical_offset_tablet=\u00a0\u00bb0&Prime; horizontal_offset_tablet=\u00a0\u00bb0&Prime; custom_padding=\u00a0\u00bb20px|20px|20px|20px\u00a0\u00bb z_index_tablet=\u00a0\u00bb0&Prime; text_text_shadow_horizontal_length_tablet=\u00a0\u00bb0px\u00a0\u00bb text_text_shadow_vertical_length_tablet=\u00a0\u00bb0px\u00a0\u00bb text_text_shadow_blur_strength_tablet=\u00a0\u00bb1px\u00a0\u00bb link_text_shadow_horizontal_length_tablet=\u00a0\u00bb0px\u00a0\u00bb link_text_shadow_vertical_length_tablet=\u00a0\u00bb0px\u00a0\u00bb link_text_shadow_blur_strength_tablet=\u00a0\u00bb1px\u00a0\u00bb ul_text_shadow_horizontal_length_tablet=\u00a0\u00bb0px\u00a0\u00bb ul_text_shadow_vertical_length_tablet=\u00a0\u00bb0px\u00a0\u00bb ul_text_shadow_blur_strength_tablet=\u00a0\u00bb1px\u00a0\u00bb ol_text_shadow_horizontal_length_tablet=\u00a0\u00bb0px\u00a0\u00bb ol_text_shadow_vertical_length_tablet=\u00a0\u00bb0px\u00a0\u00bb ol_text_shadow_blur_strength_tablet=\u00a0\u00bb1px\u00a0\u00bb quote_text_shadow_horizontal_length_tablet=\u00a0\u00bb0px\u00a0\u00bb quote_text_shadow_vertical_length_tablet=\u00a0\u00bb0px\u00a0\u00bb quote_text_shadow_blur_strength_tablet=\u00a0\u00bb1px\u00a0\u00bb header_text_shadow_horizontal_length_tablet=\u00a0\u00bb0px\u00a0\u00bb header_text_shadow_vertical_length_tablet=\u00a0\u00bb0px\u00a0\u00bb header_text_shadow_blur_strength_tablet=\u00a0\u00bb1px\u00a0\u00bb header_2_text_shadow_horizontal_length_tablet=\u00a0\u00bb0px\u00a0\u00bb header_2_text_shadow_vertical_length_tablet=\u00a0\u00bb0px\u00a0\u00bb header_2_text_shadow_blur_strength_tablet=\u00a0\u00bb1px\u00a0\u00bb header_3_text_shadow_horizontal_length_tablet=\u00a0\u00bb0px\u00a0\u00bb header_3_text_shadow_vertical_length_tablet=\u00a0\u00bb0px\u00a0\u00bb header_3_text_shadow_blur_strength_tablet=\u00a0\u00bb1px\u00a0\u00bb header_4_text_shadow_horizontal_length_tablet=\u00a0\u00bb0px\u00a0\u00bb header_4_text_shadow_vertical_length_tablet=\u00a0\u00bb0px\u00a0\u00bb header_4_text_shadow_blur_strength_tablet=\u00a0\u00bb1px\u00a0\u00bb header_5_text_shadow_horizontal_length_tablet=\u00a0\u00bb0px\u00a0\u00bb header_5_text_shadow_vertical_length_tablet=\u00a0\u00bb0px\u00a0\u00bb header_5_text_shadow_blur_strength_tablet=\u00a0\u00bb1px\u00a0\u00bb header_6_text_shadow_horizontal_length_tablet=\u00a0\u00bb0px\u00a0\u00bb header_6_text_shadow_vertical_length_tablet=\u00a0\u00bb0px\u00a0\u00bb header_6_text_shadow_blur_strength_tablet=\u00a0\u00bb1px\u00a0\u00bb box_shadow_horizontal_tablet=\u00a0\u00bb0px\u00a0\u00bb box_shadow_vertical_tablet=\u00a0\u00bb0px\u00a0\u00bb box_shadow_blur_tablet=\u00a0\u00bb40px\u00a0\u00bb box_shadow_spread_tablet=\u00a0\u00bb0px\u00a0\u00bb]<\/p>\n<p style=\"text-align: center;\">\u00a0\u00a0Bonjour et bienvenue\u00a0\u00e0 vous qui\u00a0venez\u00a0naviguer sur\u00a0mon site .<\/p>\n<p style=\"text-align: center;\">Vous y\u00a0d\u00e9couvrirez\u00a0ce\u00a0vers quoi\u00a0la vie\u00a0m&rsquo;a men\u00e9e, qui\u00a0me fait vibrer<\/p>\n<p style=\"text-align: center;\">et ensoleille mes jours,<\/p>\n<p style=\"text-align: center;\"><strong>l&rsquo;art-th\u00e9rapie<\/strong>,<\/p>\n<p style=\"text-align: center;\">et <span style=\"text-decoration: underline;\"><strong>les\u00a0th\u00e9rapies \u00e9nerg\u00e9tiques<\/strong><\/span>.<\/p>\n<p style=\"text-align: center;\">\u00a0<\/p>\n<p style=\"text-align: center;\">Je vous souhaite une agr\u00e9able visite et surtout<\/p>\n<p style=\"text-align: center;\">n&rsquo;h\u00e9sitez pas \u00e0 me contacter.<\/p>\n<p style=\"text-align: center;\">A\u00a0tr\u00e8s bient\u00f4t, j&rsquo;esp\u00e8re.<\/p>\n<p style=\"text-align: center;\"><img loading=\"lazy\" decoding=\"async\" class=\"aligncenter size-full wp-image-98\" src=\"http:\/\/www.mariechristine-geney.net\/ud\/wp-content\/uploads\/2013\/11\/lotus5.png\" alt=\"lotus\" width=\"425\" height=\"283\" srcset=\"https:\/\/www.mariechristine-geney.net\/ud\/wp-content\/uploads\/2013\/11\/lotus5.png 425w, https:\/\/www.mariechristine-geney.net\/ud\/wp-content\/uploads\/2013\/11\/lotus5-300x199.png 300w, https:\/\/www.mariechristine-geney.net\/ud\/wp-content\/uploads\/2013\/11\/lotus5-321x214.png 321w, https:\/\/www.mariechristine-geney.net\/ud\/wp-content\/uploads\/2013\/11\/lotus5-140x94.png 140w\" sizes=\"(max-width: 425px) 100vw, 425px\" \/><\/p>\n<p style=\"text-align: center;\"><span style=\"font-size: medium;\"><strong>\u00a0\u00bb\u00a0Certains regardent la vase au fond de l&rsquo;\u00e9tang,\u00a0<\/strong><\/span><\/p>\n<p style=\"text-align: center;\"><span style=\"font-size: medium;\"><strong> d&rsquo;autres contemplent la fleur de lotus \u00e0 la surface de l&rsquo;eau.<\/strong><\/span><\/p>\n<p style=\"text-align: center;\"><span style=\"font-size: medium;\"><strong>il s&rsquo;agit d&rsquo;un choix.\u00a0\u00a0\u00bb\u00a0\u00a0\u00a0\u00a0\u00a0\u00a0\u00a0\u00a0\u00a0\u00a0\u00a0 Dala\u00ef-Lama<\/strong><\/span><\/p>\n<p style=\"text-align: center;\"><span style=\"color: #999999;\"><a style=\"color: #999999;\" href=\"http:\/\/www.mariechristine-geney.net\/ud\/wp-admin\/\"><em><span style=\"color: #808080;\">Connexion administrateur<\/span><\/em><\/a><\/span><\/p>\n<p>[\/et_pb_text][et_pb_blog fullwidth=\u00a0\u00bboff\u00a0\u00bb include_categories=\u00a0\u00bb1&Prime; meta_date=\u00a0\u00bbj M Y\u00a0\u00bb excerpt_length=\u00a0\u00bb50&Prime; show_more=\u00a0\u00bbon\u00a0\u00bb show_author=\u00a0\u00bboff\u00a0\u00bb show_categories=\u00a0\u00bboff\u00a0\u00bb admin_label=\u00a0\u00bbNe pas modifier &#8211; Blog\u00a0\u00bb _builder_version=\u00a0\u00bb4.9.0&Prime; header_font_size=\u00a0\u00bb28px\u00a0\u00bb vertical_offset_tablet=\u00a0\u00bb0&Prime; horizontal_offset_tablet=\u00a0\u00bb0&Prime; z_index_tablet=\u00a0\u00bb0&Prime; header_text_shadow_horizontal_length_tablet=\u00a0\u00bb0px\u00a0\u00bb header_text_shadow_vertical_length_tablet=\u00a0\u00bb0px\u00a0\u00bb header_text_shadow_blur_strength_tablet=\u00a0\u00bb1px\u00a0\u00bb body_text_shadow_horizontal_length_tablet=\u00a0\u00bb0px\u00a0\u00bb body_text_shadow_vertical_length_tablet=\u00a0\u00bb0px\u00a0\u00bb body_text_shadow_blur_strength_tablet=\u00a0\u00bb1px\u00a0\u00bb meta_text_shadow_horizontal_length_tablet=\u00a0\u00bb0px\u00a0\u00bb meta_text_shadow_vertical_length_tablet=\u00a0\u00bb0px\u00a0\u00bb meta_text_shadow_blur_strength_tablet=\u00a0\u00bb1px\u00a0\u00bb read_more_text_shadow_horizontal_length_tablet=\u00a0\u00bb0px\u00a0\u00bb read_more_text_shadow_vertical_length_tablet=\u00a0\u00bb0px\u00a0\u00bb read_more_text_shadow_blur_strength_tablet=\u00a0\u00bb1px\u00a0\u00bb pagination_text_shadow_horizontal_length_tablet=\u00a0\u00bb0px\u00a0\u00bb pagination_text_shadow_vertical_length_tablet=\u00a0\u00bb0px\u00a0\u00bb pagination_text_shadow_blur_strength_tablet=\u00a0\u00bb1px\u00a0\u00bb body_link_text_shadow_horizontal_length_tablet=\u00a0\u00bb0px\u00a0\u00bb body_link_text_shadow_vertical_length_tablet=\u00a0\u00bb0px\u00a0\u00bb body_link_text_shadow_blur_strength_tablet=\u00a0\u00bb1px\u00a0\u00bb body_ul_text_shadow_horizontal_length_tablet=\u00a0\u00bb0px\u00a0\u00bb body_ul_text_shadow_vertical_length_tablet=\u00a0\u00bb0px\u00a0\u00bb body_ul_text_shadow_blur_strength_tablet=\u00a0\u00bb1px\u00a0\u00bb body_ol_text_shadow_horizontal_length_tablet=\u00a0\u00bb0px\u00a0\u00bb body_ol_text_shadow_vertical_length_tablet=\u00a0\u00bb0px\u00a0\u00bb body_ol_text_shadow_blur_strength_tablet=\u00a0\u00bb1px\u00a0\u00bb body_quote_text_shadow_horizontal_length_tablet=\u00a0\u00bb0px\u00a0\u00bb body_quote_text_shadow_vertical_length_tablet=\u00a0\u00bb0px\u00a0\u00bb body_quote_text_shadow_blur_strength_tablet=\u00a0\u00bb1px\u00a0\u00bb box_shadow_horizontal_tablet=\u00a0\u00bb0px\u00a0\u00bb box_shadow_vertical_tablet=\u00a0\u00bb0px\u00a0\u00bb box_shadow_blur_tablet=\u00a0\u00bb40px\u00a0\u00bb box_shadow_spread_tablet=\u00a0\u00bb0px\u00a0\u00bb box_shadow_horizontal_image_tablet=\u00a0\u00bb0px\u00a0\u00bb box_shadow_vertical_image_tablet=\u00a0\u00bb0px\u00a0\u00bb box_shadow_blur_image_tablet=\u00a0\u00bb40px\u00a0\u00bb box_shadow_spread_image_tablet=\u00a0\u00bb0px\u00a0\u00bb text_shadow_horizontal_length_tablet=\u00a0\u00bb0px\u00a0\u00bb text_shadow_vertical_length_tablet=\u00a0\u00bb0px\u00a0\u00bb text_shadow_blur_strength_tablet=\u00a0\u00bb1px\u00a0\u00bb][\/et_pb_blog][\/et_pb_column][\/et_pb_row][\/et_pb_section]<\/p>\n","protected":false},"excerpt":{"rendered":"<p>\u00a0\u00a0Bonjour et bienvenue\u00a0\u00e0 vous qui\u00a0venez\u00a0naviguer sur\u00a0mon site . Vous y\u00a0d\u00e9couvrirez\u00a0ce\u00a0vers quoi\u00a0la vie\u00a0m&rsquo;a men\u00e9e, qui\u00a0me fait vibrer et ensoleille mes jours, l&rsquo;art-th\u00e9rapie, et les\u00a0th\u00e9rapies \u00e9nerg\u00e9tiques. \u00a0 Je vous souhaite une agr\u00e9able visite et surtout n&rsquo;h\u00e9sitez pas \u00e0 me contacter. A\u00a0tr\u00e8s bient\u00f4t, j&rsquo;esp\u00e8re. \u00a0\u00bb\u00a0Certains regardent la vase au fond de l&rsquo;\u00e9tang,\u00a0 d&rsquo;autres contemplent la fleur de lotus [&hellip;]<\/p>\n","protected":false},"author":1,"featured_media":0,"parent":0,"menu_order":0,"comment_status":"open","ping_status":"open","template":"","meta":{"_et_pb_use_builder":"on","_et_pb_old_content":"<p>Pour Editer la page, il faut\u00a0descendre plus bas dans la partie \"Layout Builder\" et rentrer dans un bloc bleu en cliquant sur les trois petites lignes horizontales.<\/p>\r\n<p>\u00a0<\/p>","_et_gb_content_width":"","footnotes":""},"class_list":["post-5","page","type-page","status-publish","hentry"],"aioseo_notices":[],"_links":{"self":[{"href":"https:\/\/www.mariechristine-geney.net\/ud\/wp-json\/wp\/v2\/pages\/5","targetHints":{"allow":["GET"]}}],"collection":[{"href":"https:\/\/www.mariechristine-geney.net\/ud\/wp-json\/wp\/v2\/pages"}],"about":[{"href":"https:\/\/www.mariechristine-geney.net\/ud\/wp-json\/wp\/v2\/types\/page"}],"author":[{"embeddable":true,"href":"https:\/\/www.mariechristine-geney.net\/ud\/wp-json\/wp\/v2\/users\/1"}],"replies":[{"embeddable":true,"href":"https:\/\/www.mariechristine-geney.net\/ud\/wp-json\/wp\/v2\/comments?post=5"}],"version-history":[{"count":10,"href":"https:\/\/www.mariechristine-geney.net\/ud\/wp-json\/wp\/v2\/pages\/5\/revisions"}],"predecessor-version":[{"id":2147,"href":"https:\/\/www.mariechristine-geney.net\/ud\/wp-json\/wp\/v2\/pages\/5\/revisions\/2147"}],"wp:attachment":[{"href":"https:\/\/www.mariechristine-geney.net\/ud\/wp-json\/wp\/v2\/media?parent=5"}],"curies":[{"name":"wp","href":"https:\/\/api.w.org\/{rel}","templated":true}]}}