{"id":1976,"date":"2015-12-05T12:45:16","date_gmt":"2015-12-05T11:45:16","guid":{"rendered":"http:\/\/www.mariechristine-geney.net\/ud\/?page_id=1976"},"modified":"2021-02-23T14:13:37","modified_gmt":"2021-02-23T13:13:37","slug":"soins-aux-bols-tibetains","status":"publish","type":"page","link":"https:\/\/www.mariechristine-geney.net\/ud\/soins-aux-bols-tibetains","title":{"rendered":"Soins aux bols tib\u00e9tains"},"content":{"rendered":"<p>[et_pb_section fb_built=\u00a0\u00bb1&Prime; _builder_version=\u00a0\u00bb4.9.0&Prime; background_color=\u00a0\u00bbrgba(255,255,255,0.3)\u00a0\u00bb custom_padding=\u00a0\u00bb6px|||||\u00a0\u00bb][et_pb_row _builder_version=\u00a0\u00bb3.25&Prime; background_size=\u00a0\u00bbinitial\u00a0\u00bb background_position=\u00a0\u00bbtop_left\u00a0\u00bb background_repeat=\u00a0\u00bbrepeat\u00a0\u00bb][et_pb_column type=\u00a0\u00bb4_4&Prime; _builder_version=\u00a0\u00bb3.25&Prime; custom_padding=\u00a0\u00bb|||\u00a0\u00bb custom_padding__hover=\u00a0\u00bb|||\u00a0\u00bb][et_pb_text _builder_version=\u00a0\u00bb4.9.0&Prime; background_color=\u00a0\u00bbrgba(255,255,255,0.8)\u00a0\u00bb background_size=\u00a0\u00bbinitial\u00a0\u00bb background_position=\u00a0\u00bbtop_left\u00a0\u00bb background_repeat=\u00a0\u00bbrepeat\u00a0\u00bb custom_padding=\u00a0\u00bb20px|20px|20px|20px|false|false\u00a0\u00bb]<\/p>\n<p style=\"text-align: center;\"><a href=\"http:\/\/www.mariechristine-geney.net\/ud\/wp-content\/uploads\/2015\/12\/bol-tibetain-soin.jpg\"><img loading=\"lazy\" decoding=\"async\" class=\"aligncenter size-medium wp-image-1981\" src=\"http:\/\/www.mariechristine-geney.net\/ud\/wp-content\/uploads\/2015\/12\/bol-tibetain-soin-300x220.jpg\" alt=\"bol-tibetain-soin\" width=\"300\" height=\"220\" srcset=\"https:\/\/www.mariechristine-geney.net\/ud\/wp-content\/uploads\/2015\/12\/bol-tibetain-soin-300x220.jpg 300w, https:\/\/www.mariechristine-geney.net\/ud\/wp-content\/uploads\/2015\/12\/bol-tibetain-soin.jpg 658w\" sizes=\"(max-width: 300px) 100vw, 300px\" \/><\/a><\/p>\n<p style=\"text-align: center;\">\u00a0<\/p>\n<p style=\"text-align: center;\">De nos jours les bols tib\u00e9tains viennent du N\u00e9pal,de l\u2019Inde, de la Chine,<br \/>\ndu Japon et de la Cor\u00e9e.<\/p>\n<p style=\"text-align: center;\"><img loading=\"lazy\" decoding=\"async\" class=\"alignnone size-full wp-image-1982\" src=\"http:\/\/www.mariechristine-geney.net\/ud\/wp-content\/uploads\/2015\/12\/treple.jpg\" alt=\"treple\" width=\"29\" height=\"29\" \/>\u00a0<img loading=\"lazy\" decoding=\"async\" class=\"alignnone size-full wp-image-1982\" src=\"http:\/\/www.mariechristine-geney.net\/ud\/wp-content\/uploads\/2015\/12\/treple.jpg\" alt=\"treple\" width=\"29\" height=\"29\" \/>\u00a0<img loading=\"lazy\" decoding=\"async\" class=\"alignnone size-full wp-image-1982\" src=\"http:\/\/www.mariechristine-geney.net\/ud\/wp-content\/uploads\/2015\/12\/treple.jpg\" alt=\"treple\" width=\"29\" height=\"29\" \/>\u00a0<\/p>\n<p style=\"text-align: center;\">Egalement appel\u00e9s bols chantants,<br \/>\nils produisent des vibrations sonores intenses et harmonieuses.<br \/>\nIls sont fabriqu\u00e9s de 7 m\u00e9taux, l\u2019or, l\u2019argent, le fer, le mercure,<br \/>\nl\u2019\u00e9tain, le cuivre et le plomb.<br \/>\nCes sept m\u00e9taux correspondent aux sept plan\u00e8tes\u00a0:<\/p>\n<p style=\"text-align: center;\">or-Soleil, argent-Lune, fer-Mars,<br \/>\nmercure -Mercure, \u00e9tain-Jupiter, cuivre-V\u00e9nus, plomb-Saturne.\u00a0<\/p>\n<p style=\"text-align: center;\">On fait chanter, sonner les bols en les frottant ou en les frappant<br \/>\n\u00e0 l\u2019aide d\u2019une mailloche (b\u00e2ton, batte ou maillet).<\/p>\n<h2 style=\"text-align: center;\">Tout est vibration\u00a0!<\/h2>\n<p style=\"text-align: center;\">Le son est \u00e9nergie, vibratoire, sonore ou non.<br \/>\nLes sons font vibrer l\u2019air qui transmet les vibrations \u00e0 nos tympans<br \/>\n\u00e0\u00a0 nos cellules, nos organes.<br \/>\nLe corps humain est constitu\u00e9, d\u2019apr\u00e8s les \u00e9tudes scientifiques,<br \/>\nde 60 et 90 % d\u2019eau.<br \/>\nEn faisant sonner le bol tib\u00e9tain celui-ci \u00e9met des vibrations qui activent l\u2019eau<br \/>\ncontenue dans notre corps et effectuent ainsi <u>un massage sonore<\/u>.<\/p>\n<p style=\"text-align: center;\">Les sonorit\u00e9s des bols tib\u00e9tains correspondent aux ondes alpha produites<br \/>\npar le cerveau en \u00e9tat de m\u00e9ditation ou de veille.<\/p>\n<p style=\"text-align: center;\">\u00a0<\/p>\n<h2 style=\"text-align: center;\"><u><img loading=\"lazy\" decoding=\"async\" class=\"alignnone size-full wp-image-1982\" src=\"http:\/\/www.mariechristine-geney.net\/ud\/wp-content\/uploads\/2015\/12\/treple.jpg\" alt=\"treple\" width=\"29\" height=\"29\" \/><\/u>\u00a0<u>Comment se d\u00e9roule un soin\u00a0?<\/u><\/h2>\n<p style=\"text-align: center;\">La dur\u00e9e d\u2019un soin est variable mais dure en g\u00e9n\u00e9ral 1h.<\/p>\n<p style=\"text-align: center;\"><strong>Plusieurs approches sont possibles.<\/strong><br \/>\n<strong>\u00a0En voici deux exemples parmi bien d\u2019autres.<\/strong><\/p>\n<p style=\"text-align: center;\"><img loading=\"lazy\" decoding=\"async\" class=\"alignnone  wp-image-1982\" src=\"http:\/\/www.mariechristine-geney.net\/ud\/wp-content\/uploads\/2015\/12\/treple.jpg\" alt=\"treple\" width=\"19\" height=\"19\" \/>\u00a01\/ Dans une atmosph\u00e8re calme, lumi\u00e8re douce, la personne est allong\u00e9e <br \/>\nsur le dos, les yeux ferm\u00e9s afin d\u2019\u00eatre dans l\u2019\u00e9coute, le ressenti.<\/p>\n<p style=\"text-align: center;\">Le th\u00e9rapeute fait chanter le bol doucement<br \/>\nen se d\u00e9pla\u00e7ant autour de la personne.<br \/>\nUn massage vibratoire commence alors gr\u00e2ce aux harmoniques du bol qui se baladent dans l\u2019air et apportent un l\u00e2cher prise.<br \/>\nLes vibrations p\u00e9n\u00e8trent et suivent la voie osseuse,<br \/>\ndans diff\u00e9rentes parties du corps entra\u00eenant une profonde d\u00e9tente.<\/p>\n<p style=\"text-align: center;\"><img loading=\"lazy\" decoding=\"async\" class=\"alignnone  wp-image-1982\" src=\"http:\/\/www.mariechristine-geney.net\/ud\/wp-content\/uploads\/2015\/12\/treple.jpg\" alt=\"treple\" width=\"19\" height=\"19\" \/>\u00a02\u00a0\/ Le th\u00e9rapeute place le bol (ou les bols) sur diff\u00e9rents <br \/>\nendroits du corps puis\u00a0le (les) fait vibrer.<br \/>\nLe soin commence par les pieds, remonte aux genoux, sur le ventre<br \/>\net termine au coronal.<br \/>\nPuis il refait le chemin inverse en partant du coronal pour finir par les pieds.<\/p>\n<p style=\"text-align: center;\">\u00a0<\/p>\n<h2 style=\"text-align: center;\"><u><img loading=\"lazy\" decoding=\"async\" class=\"alignnone size-full wp-image-1982\" src=\"http:\/\/www.mariechristine-geney.net\/ud\/wp-content\/uploads\/2015\/12\/treple.jpg\" alt=\"treple\" width=\"29\" height=\"29\" \/><\/u>\u00a0<u>Les bienfaits d\u2019un soin aux bols tib\u00e9tains.<\/u><\/h2>\n<p style=\"text-align: center;\">D\u00e9bloque les tensions, les douleurs.<br \/>\nSoulage le mal-\u00eatre, le stress, les insomnies, les tensions musculaires,<br \/>\nNettoie les toxines\u2026<br \/>\nStimule les deux h\u00e9misph\u00e8res du cerveau et vise \u00e0 les \u00e9quilibrer (travail sur des probl\u00e8mes d\u2019auditions, de concentration, de m\u00e9moire\u2026.)<br \/>\nAm\u00e8ne \u00e0 un \u00e9tat de relaxation, m\u00e9ditation.<br \/>\nR\u00e9 harmonise l\u2019\u00eatre tout entier (travail sur le plan vibratoire).<\/p>\n<p style=\"text-align: center;\">Les bols vont \u00e0 la source de l\u2019\u00eatre.<br \/>\nLes sons harmonieux qu\u2019ils d\u00e9gagent entrent en communication avec les cellules,<br \/>\nles font vibrer, les r\u00e9veillent.<\/p>\n<p style=\"text-align: center;\"><u>Les soins aux bols tib\u00e9tains invitent<br \/>\n<\/u><u>\u00e0 un myst\u00e9rieux voyage auditif, sensoriel et \u00e9nerg\u00e9tique<br \/>\n<\/u><u>qui \u00e9l\u00e8ve vers la S\u00e9r\u00e9nit\u00e9.<\/u><\/p>\n<p style=\"text-align: center;\"><img loading=\"lazy\" decoding=\"async\" class=\"alignnone size-full wp-image-1982\" src=\"http:\/\/www.mariechristine-geney.net\/ud\/wp-content\/uploads\/2015\/12\/treple.jpg\" alt=\"treple\" width=\"29\" height=\"29\" \/>\u00a0<img loading=\"lazy\" decoding=\"async\" class=\"alignnone size-full wp-image-1982\" src=\"http:\/\/www.mariechristine-geney.net\/ud\/wp-content\/uploads\/2015\/12\/treple.jpg\" alt=\"treple\" width=\"29\" height=\"29\" \/>\u00a0<img loading=\"lazy\" decoding=\"async\" class=\"alignnone size-full wp-image-1982\" src=\"http:\/\/www.mariechristine-geney.net\/ud\/wp-content\/uploads\/2015\/12\/treple.jpg\" alt=\"treple\" width=\"29\" height=\"29\" \/>\u00a0\u00a0<\/p>\n<p>&nbsp;<\/p>\n<p style=\"text-align: center;\"><strong>S\u00e9ance\u00a0\u00a0<img loading=\"lazy\" decoding=\"async\" class=\"alignnone  wp-image-1982\" src=\"http:\/\/www.mariechristine-geney.net\/ud\/wp-content\/uploads\/2015\/12\/treple.jpg\" alt=\"treple\" width=\"19\" height=\"19\" \/><\/strong><strong>\u00a01h &#8211;\u00a050\u20ac<\/strong><\/p>\n<p style=\"text-align: center;\"><strong>\u00a0***<\/strong><\/p>\n<p>[\/et_pb_text][\/et_pb_column][\/et_pb_row][\/et_pb_section]<\/p>\n","protected":false},"excerpt":{"rendered":"<p>\u00a0 De nos jours les bols tib\u00e9tains viennent du N\u00e9pal,de l\u2019Inde, de la Chine, du Japon et de la Cor\u00e9e. \u00a0\u00a0\u00a0 Egalement appel\u00e9s bols chantants, ils produisent des vibrations sonores intenses et harmonieuses. Ils sont fabriqu\u00e9s de 7 m\u00e9taux, l\u2019or, l\u2019argent, le fer, le mercure, l\u2019\u00e9tain, le cuivre et le plomb. Ces sept m\u00e9taux correspondent [&hellip;]<\/p>\n","protected":false},"author":1,"featured_media":0,"parent":0,"menu_order":0,"comment_status":"closed","ping_status":"closed","template":"","meta":{"_et_pb_use_builder":"on","_et_pb_old_content":"<p style=\"text-align: center;\"><b>pour \u00e9diter cette page, descendez dans la rubrique \"Layout Builder\" plus bas dans cette page.<\/b><\/p>\r\n<p style=\"text-align: center;\">\u00a0<\/p>","_et_gb_content_width":"","footnotes":""},"class_list":["post-1976","page","type-page","status-publish","hentry"],"aioseo_notices":[],"_links":{"self":[{"href":"https:\/\/www.mariechristine-geney.net\/ud\/wp-json\/wp\/v2\/pages\/1976","targetHints":{"allow":["GET"]}}],"collection":[{"href":"https:\/\/www.mariechristine-geney.net\/ud\/wp-json\/wp\/v2\/pages"}],"about":[{"href":"https:\/\/www.mariechristine-geney.net\/ud\/wp-json\/wp\/v2\/types\/page"}],"author":[{"embeddable":true,"href":"https:\/\/www.mariechristine-geney.net\/ud\/wp-json\/wp\/v2\/users\/1"}],"replies":[{"embeddable":true,"href":"https:\/\/www.mariechristine-geney.net\/ud\/wp-json\/wp\/v2\/comments?post=1976"}],"version-history":[{"count":9,"href":"https:\/\/www.mariechristine-geney.net\/ud\/wp-json\/wp\/v2\/pages\/1976\/revisions"}],"predecessor-version":[{"id":2153,"href":"https:\/\/www.mariechristine-geney.net\/ud\/wp-json\/wp\/v2\/pages\/1976\/revisions\/2153"}],"wp:attachment":[{"href":"https:\/\/www.mariechristine-geney.net\/ud\/wp-json\/wp\/v2\/media?parent=1976"}],"curies":[{"name":"wp","href":"https:\/\/api.w.org\/{rel}","templated":true}]}}