{"id":163,"date":"2014-02-28T08:58:06","date_gmt":"2014-02-28T07:58:06","guid":{"rendered":"http:\/\/www.mariechristine-geney.net\/ud\/?page_id=163"},"modified":"2021-02-23T14:07:12","modified_gmt":"2021-02-23T13:07:12","slug":"canalisation","status":"publish","type":"page","link":"https:\/\/www.mariechristine-geney.net\/ud\/canalisation","title":{"rendered":"Message par \u00ab\u00a0\u00e9criture inspir\u00e9e\u00a0\u00bb."},"content":{"rendered":"<p>[et_pb_section fb_built=\u00a0\u00bb1&Prime; _builder_version=\u00a0\u00bb4.9.0&Prime; background_color=\u00a0\u00bbrgba(255,255,255,0.3)\u00a0\u00bb custom_padding=\u00a0\u00bb5px|||||\u00a0\u00bb][et_pb_row _builder_version=\u00a0\u00bb3.25&Prime; background_size=\u00a0\u00bbinitial\u00a0\u00bb background_position=\u00a0\u00bbtop_left\u00a0\u00bb background_repeat=\u00a0\u00bbrepeat\u00a0\u00bb][et_pb_column type=\u00a0\u00bb4_4&Prime; _builder_version=\u00a0\u00bb3.25&Prime; custom_padding=\u00a0\u00bb|||\u00a0\u00bb custom_padding__hover=\u00a0\u00bb|||\u00a0\u00bb][et_pb_text _builder_version=\u00a0\u00bb4.9.0&Prime; background_color=\u00a0\u00bbrgba(255,255,255,0.8)\u00a0\u00bb background_size=\u00a0\u00bbinitial\u00a0\u00bb background_position=\u00a0\u00bbtop_left\u00a0\u00bb background_repeat=\u00a0\u00bbrepeat\u00a0\u00bb hover_enabled=\u00a0\u00bb0&Prime; custom_padding=\u00a0\u00bb20px|20px|20px|20px|false|false\u00a0\u00bb sticky_enabled=\u00a0\u00bb0&Prime;]<\/p>\n<p style=\"text-align: center;\" align=\"center\"><img loading=\"lazy\" decoding=\"async\" class=\"aligncenter  wp-image-164\" src=\"http:\/\/www.mariechristine-geney.net\/ud\/wp-content\/uploads\/2014\/02\/ange-296x300.gif\" alt=\"ange\" width=\"207\" height=\"210\" srcset=\"https:\/\/www.mariechristine-geney.net\/ud\/wp-content\/uploads\/2014\/02\/ange-296x300.gif 296w, https:\/\/www.mariechristine-geney.net\/ud\/wp-content\/uploads\/2014\/02\/ange-60x60.gif 60w\" sizes=\"(max-width: 207px) 100vw, 207px\" \/><\/p>\n<p align=\"center\"><strong><i>Messages par \u00e9criture inspir\u00e9e<\/i><\/strong><\/p>\n<p align=\"center\"><i>\u00a0<\/i><\/p>\n<p align=\"center\"><i>\u00ab L&rsquo;\u00e9criture inspir\u00e9e c\u2019est avoir r\u00e9ussi \u00e0 \u00e9tablir un contact avec son guide,\u00a0<\/i><\/p>\n<p align=\"center\"><i> ou toute autre entit\u00e9 ext\u00e9rieure \u00e0 sa propre conscience. \u00bb<\/i><\/p>\n<p align=\"center\"><i>Apr\u00e8s m\u2019\u00eatre plong\u00e9e dans un \u00e9tat m\u00e9ditatif, je re\u00e7ois une information<\/i><\/p>\n<p align=\"center\"><i>\u00a0 que je retransmets par \u00e9crit ou oralement.<\/i><\/p>\n<p align=\"center\"><i>Chez moi ce sont principalement des mots qui arrivent en communication inspir\u00e9e ou intuitive mais cela peut \u00eatre \u00e9galement des sensations, des perceptions ou des images.<\/i><\/p>\n<p align=\"center\"><i>En fait, je suis\u00a0 simplement un canal pour la transmission d&rsquo;une \u00e9nergie que je traduits afin de\u00a0 transmettre un message personnel ou une r\u00e9ponse \u00e0 une question\u00a0 <\/i><\/p>\n<p align=\"center\"><i>dans le but d\u2019apporter de l\u2019aide ou de guider.<\/i><\/p>\n<p align=\"center\">(Message de guidance pour votre chemin de vie, message d&rsquo;animaux d\u00e9c\u00e9d\u00e9s,<\/p>\n<p align=\"center\">ou sont il? comment vont-ils?)<\/p>\n<p align=\"center\"><i>Ce ne sont que des messages d\u2019amour et de guidance dans le respect le plus profond de chaque personne et chaque animal.<\/i><\/p>\n<p align=\"center\"><i>Chacun ayant son libre arbitre pour accepter ou ne pas tenir compte de ce message.<\/i><\/p>\n<p align=\"center\"><i>Surtout soyez dans votre c\u0153ur et ne prenez que ce qui r\u00e9sonne en vous.<\/i><\/p>\n<p align=\"center\"><i>\u00a0<\/i><\/p>\n<p align=\"center\"><b><i>Consultation :\u00a0 \u00a030<sup> \u20ac<\/sup><\/i><\/b><\/p>\n<p align=\"center\"><i>Peut ce faire en direct ,\u00a0 par t\u00e9l\u00e9phone\u00a0 ou par email, <\/i><\/p>\n<p align=\"center\"><i>j&rsquo;ai besoin de vos\u00a0 noms , pr\u00e9noms <\/i><i>et date de naissance.<\/i><\/p>\n<p>[\/et_pb_text][\/et_pb_column][\/et_pb_row][\/et_pb_section]<\/p>\n","protected":false},"excerpt":{"rendered":"<p>Messages par \u00e9criture inspir\u00e9e \u00a0 \u00ab L&rsquo;\u00e9criture inspir\u00e9e c\u2019est avoir r\u00e9ussi \u00e0 \u00e9tablir un contact avec son guide,\u00a0 ou toute autre entit\u00e9 ext\u00e9rieure \u00e0 sa propre conscience. \u00bb Apr\u00e8s m\u2019\u00eatre plong\u00e9e dans un \u00e9tat m\u00e9ditatif, je re\u00e7ois une information \u00a0 que je retransmets par \u00e9crit ou oralement. Chez moi ce sont principalement des mots qui [&hellip;]<\/p>\n","protected":false},"author":1,"featured_media":0,"parent":0,"menu_order":0,"comment_status":"open","ping_status":"closed","template":"","meta":{"_et_pb_use_builder":"on","_et_pb_old_content":"<p>Pour Editer la page, il faut descendre plus bas dans la partie \"Layout Builder\" et rentrer dans un bloc bleu en cliquant sur les trois petites lignes horizontales.<\/p>","_et_gb_content_width":"","footnotes":""},"class_list":["post-163","page","type-page","status-publish","hentry"],"aioseo_notices":[],"_links":{"self":[{"href":"https:\/\/www.mariechristine-geney.net\/ud\/wp-json\/wp\/v2\/pages\/163","targetHints":{"allow":["GET"]}}],"collection":[{"href":"https:\/\/www.mariechristine-geney.net\/ud\/wp-json\/wp\/v2\/pages"}],"about":[{"href":"https:\/\/www.mariechristine-geney.net\/ud\/wp-json\/wp\/v2\/types\/page"}],"author":[{"embeddable":true,"href":"https:\/\/www.mariechristine-geney.net\/ud\/wp-json\/wp\/v2\/users\/1"}],"replies":[{"embeddable":true,"href":"https:\/\/www.mariechristine-geney.net\/ud\/wp-json\/wp\/v2\/comments?post=163"}],"version-history":[{"count":11,"href":"https:\/\/www.mariechristine-geney.net\/ud\/wp-json\/wp\/v2\/pages\/163\/revisions"}],"predecessor-version":[{"id":2143,"href":"https:\/\/www.mariechristine-geney.net\/ud\/wp-json\/wp\/v2\/pages\/163\/revisions\/2143"}],"wp:attachment":[{"href":"https:\/\/www.mariechristine-geney.net\/ud\/wp-json\/wp\/v2\/media?parent=163"}],"curies":[{"name":"wp","href":"https:\/\/api.w.org\/{rel}","templated":true}]}}