{"id":14,"date":"2013-11-09T16:13:11","date_gmt":"2013-11-09T15:13:11","guid":{"rendered":"http:\/\/www.mariechristine-geney.net\/ud\/?page_id=14"},"modified":"2021-02-23T16:17:56","modified_gmt":"2021-02-23T15:17:56","slug":"communication-animale","status":"publish","type":"page","link":"https:\/\/www.mariechristine-geney.net\/ud\/communication-animale","title":{"rendered":"Communication Animale"},"content":{"rendered":"<p>[et_pb_section fb_built=\u00a0\u00bb1&Prime; _builder_version=\u00a0\u00bb4.9.0&Prime; hover_enabled=\u00a0\u00bb0&Prime; background_color=\u00a0\u00bbrgba(255,255,255,0.3)\u00a0\u00bb sticky_enabled=\u00a0\u00bb0&Prime; custom_padding=\u00a0\u00bb4px|||||\u00a0\u00bb][et_pb_row _builder_version=\u00a0\u00bb3.25&Prime; background_size=\u00a0\u00bbinitial\u00a0\u00bb background_position=\u00a0\u00bbtop_left\u00a0\u00bb background_repeat=\u00a0\u00bbrepeat\u00a0\u00bb][et_pb_column type=\u00a0\u00bb4_4&Prime; _builder_version=\u00a0\u00bb3.25&Prime; custom_padding=\u00a0\u00bb|||\u00a0\u00bb custom_padding__hover=\u00a0\u00bb|||\u00a0\u00bb][et_pb_text _builder_version=\u00a0\u00bb4.9.0&Prime; background_size=\u00a0\u00bbinitial\u00a0\u00bb background_position=\u00a0\u00bbtop_left\u00a0\u00bb background_repeat=\u00a0\u00bbrepeat\u00a0\u00bb hover_enabled=\u00a0\u00bb0&Prime; background_color=\u00a0\u00bbrgba(255,255,255,0.8)\u00a0\u00bb sticky_enabled=\u00a0\u00bb0&Prime; custom_padding=\u00a0\u00bb20px|20px|20px|20px|false|false\u00a0\u00bb]<\/p>\n<p align=\"center\"><img loading=\"lazy\" decoding=\"async\" src=\"http:\/\/www.mariechristine-geney.net\/ud\/wp-content\/uploads\/2013\/11\/logo-chat2-150x150.png\" alt=\"logo-chat2\" width=\"150\" height=\"150\" \/><\/p>\n<p align=\"center\">L\u2019animal ressent physiquement et<\/p>\n<p align=\"center\">\u00e9motionnellement, comme nous les humains,<\/p>\n<p align=\"center\">la peine, la tristesse, l\u2019amour, la joie\u2026<\/p>\n<p align=\"center\">Les animaux communiquent\u00a0 en fait leurs pens\u00e9es et leurs \u00e9motions de fa\u00e7on non verbale.<\/p>\n<p align=\"center\">C&rsquo;est une communication d&rsquo;esprit \u00e0 esprit qui est universellement utilis\u00e9e entre les diff\u00e9rentes esp\u00e8ces animales.<\/p>\n<p align=\"center\">Le temps et l&rsquo;espace n&rsquo;entrent pas en\u00a0compte, ils projettent leurs \u00a0pens\u00e9es et \u00e9motions en images et ces messages peuvent \u00eatre per\u00e7us par des communicateurs et traduits en paroles.<\/p>\n<p align=\"center\">La communication animale se fait par t\u00e9l\u00e9pathie.<\/p>\n<p align=\"center\">Elle permet de recevoir et de transmettre des messages pour aider \u00e0 r\u00e9soudre les probl\u00e8mes physiques ou comportementaux chez l\u2019animal.<\/p>\n<p style=\"text-align: center;\"><span style=\"text-decoration: underline;\">Nous pouvons\u00a0 ainsi mieux les comprendre et \u00a0favoriser\u00a0 l\u2019entente avec leur gardien dans l\u2019amour et le respect.<\/span><\/p>\n<p>&nbsp;<\/p>\n<p>&nbsp;<\/p>\n<p style=\"text-align: center;\"><strong>La communication animale ne peut en aucun cas remplacer la consultation chez le v\u00e9t\u00e9rinaire.<\/strong><\/p>\n<p style=\"text-align: center;\"><strong>Si votre animal pr\u00e9sente des sympt\u00f4mes qui peuvent \u00eatre inqui\u00e9tants ou qui pourraient compromettre sa sant\u00e9 ou sa vie,<\/strong><\/p>\n<p style=\"text-align: center;\"><strong>\u00a0consultez\u00a0 au plus vite votre v\u00e9t\u00e9rinaire.<\/strong><\/p>\n<p>[\/et_pb_text][\/et_pb_column][\/et_pb_row][\/et_pb_section]<\/p>\n","protected":false},"excerpt":{"rendered":"<p>L\u2019animal ressent physiquement et \u00e9motionnellement, comme nous les humains, la peine, la tristesse, l\u2019amour, la joie\u2026 Les animaux communiquent\u00a0 en fait leurs pens\u00e9es et leurs \u00e9motions de fa\u00e7on non verbale. C&rsquo;est une communication d&rsquo;esprit \u00e0 esprit qui est universellement utilis\u00e9e entre les diff\u00e9rentes esp\u00e8ces animales. Le temps et l&rsquo;espace n&rsquo;entrent pas en\u00a0compte, ils projettent leurs [&hellip;]<\/p>\n","protected":false},"author":1,"featured_media":0,"parent":0,"menu_order":8,"comment_status":"closed","ping_status":"closed","template":"","meta":{"_et_pb_use_builder":"on","_et_pb_old_content":"<p>Pour Editer la page, il faut\u00a0descendre plus bas dans la partie \"Layout Builder\" et rentrer dans un bloc bleu en cliquant sur les trois petites lignes horizontales.<\/p>","_et_gb_content_width":"","footnotes":""},"class_list":["post-14","page","type-page","status-publish","hentry"],"aioseo_notices":[],"_links":{"self":[{"href":"https:\/\/www.mariechristine-geney.net\/ud\/wp-json\/wp\/v2\/pages\/14","targetHints":{"allow":["GET"]}}],"collection":[{"href":"https:\/\/www.mariechristine-geney.net\/ud\/wp-json\/wp\/v2\/pages"}],"about":[{"href":"https:\/\/www.mariechristine-geney.net\/ud\/wp-json\/wp\/v2\/types\/page"}],"author":[{"embeddable":true,"href":"https:\/\/www.mariechristine-geney.net\/ud\/wp-json\/wp\/v2\/users\/1"}],"replies":[{"embeddable":true,"href":"https:\/\/www.mariechristine-geney.net\/ud\/wp-json\/wp\/v2\/comments?post=14"}],"version-history":[{"count":4,"href":"https:\/\/www.mariechristine-geney.net\/ud\/wp-json\/wp\/v2\/pages\/14\/revisions"}],"predecessor-version":[{"id":2158,"href":"https:\/\/www.mariechristine-geney.net\/ud\/wp-json\/wp\/v2\/pages\/14\/revisions\/2158"}],"wp:attachment":[{"href":"https:\/\/www.mariechristine-geney.net\/ud\/wp-json\/wp\/v2\/media?parent=14"}],"curies":[{"name":"wp","href":"https:\/\/api.w.org\/{rel}","templated":true}]}}