{"id":10,"date":"2013-11-09T16:12:34","date_gmt":"2013-11-09T15:12:34","guid":{"rendered":"http:\/\/www.mariechristine-geney.net\/ud\/?page_id=10"},"modified":"2021-02-23T14:09:42","modified_gmt":"2021-02-23T13:09:42","slug":"le-reiki","status":"publish","type":"page","link":"https:\/\/www.mariechristine-geney.net\/ud\/le-reiki","title":{"rendered":"Le Reiki"},"content":{"rendered":"<p>[et_pb_section fb_built=\u00a0\u00bb1&Prime; _builder_version=\u00a0\u00bb4.9.0&Prime; hover_enabled=\u00a0\u00bb0&Prime; background_color=\u00a0\u00bbrgba(255,255,255,0.3)\u00a0\u00bb sticky_enabled=\u00a0\u00bb0&Prime; custom_padding=\u00a0\u00bb4px|||||\u00a0\u00bb][et_pb_row _builder_version=\u00a0\u00bb3.25&Prime; background_size=\u00a0\u00bbinitial\u00a0\u00bb background_position=\u00a0\u00bbtop_left\u00a0\u00bb background_repeat=\u00a0\u00bbrepeat\u00a0\u00bb][et_pb_column type=\u00a0\u00bb4_4&Prime; _builder_version=\u00a0\u00bb3.25&Prime; custom_padding=\u00a0\u00bb|||\u00a0\u00bb custom_padding__hover=\u00a0\u00bb|||\u00a0\u00bb][et_pb_text _builder_version=\u00a0\u00bb4.9.0&Prime; background_size=\u00a0\u00bbinitial\u00a0\u00bb background_position=\u00a0\u00bbtop_left\u00a0\u00bb background_repeat=\u00a0\u00bbrepeat\u00a0\u00bb hover_enabled=\u00a0\u00bb0&Prime; custom_padding=\u00a0\u00bb20px|20px|20px|20px|false|false\u00a0\u00bb sticky_enabled=\u00a0\u00bb0&Prime; background_color=\u00a0\u00bbrgba(255,255,255,0.8)\u00a0\u00bb]<\/p>\n<p style=\"text-align: center;\" align=\"center\"><a href=\"http:\/\/www.mariechristine-geney.net\/ud\/wp-content\/uploads\/2013\/11\/reiki.jpg\"><img loading=\"lazy\" decoding=\"async\" class=\"aligncenter  wp-image-87\" src=\"http:\/\/www.mariechristine-geney.net\/ud\/wp-content\/uploads\/2013\/11\/reiki-300x300.jpg\" alt=\"reiki\" width=\"180\" height=\"180\" srcset=\"https:\/\/www.mariechristine-geney.net\/ud\/wp-content\/uploads\/2013\/11\/reiki-300x300.jpg 300w, https:\/\/www.mariechristine-geney.net\/ud\/wp-content\/uploads\/2013\/11\/reiki-150x150.jpg 150w, https:\/\/www.mariechristine-geney.net\/ud\/wp-content\/uploads\/2013\/11\/reiki-1024x1024.jpg 1024w, https:\/\/www.mariechristine-geney.net\/ud\/wp-content\/uploads\/2013\/11\/reiki-160x160.jpg 160w, https:\/\/www.mariechristine-geney.net\/ud\/wp-content\/uploads\/2013\/11\/reiki-240x240.jpg 240w, https:\/\/www.mariechristine-geney.net\/ud\/wp-content\/uploads\/2013\/11\/reiki-60x60.jpg 60w, https:\/\/www.mariechristine-geney.net\/ud\/wp-content\/uploads\/2013\/11\/reiki-184x184.jpg 184w, https:\/\/www.mariechristine-geney.net\/ud\/wp-content\/uploads\/2013\/11\/reiki.jpg 1564w\" sizes=\"(max-width: 180px) 100vw, 180px\" \/><\/a><\/p>\n<p align=\"center\"><strong><span style=\"text-decoration: underline;\">Les origines du Reiki\u00a0<\/span><\/strong><\/p>\n<p align=\"center\">Le Reiki est une technique de soin \u00e9nerg\u00e9tique d\u00e9couverte au 19\u00e9me si\u00e8cle par\u00a0 un moine japonais,<\/p>\n<p align=\"center\">le docteur Mikao Usui (1865-1926).<\/p>\n<p align=\"center\">\u00a0Il passa une grande partie de sa vie \u00e0 la recherche des clefs de la gu\u00e9rison physique et \u00e9nerg\u00e9tique qu&rsquo;il retrouva dans les \u00e9critures Bouddhiques.<\/p>\n<p align=\"center\"><strong><span style=\"text-decoration: underline;\">Description d\u2019une s\u00e9ance\u00a0<\/span><\/strong><\/p>\n<p align=\"center\">Je canalise le Reiki, \u00ab\u00a0Energie Universelle de vie\u00a0\u00bb et l\u2019\u00e9nergie passe par imposition des mains sur diff\u00e9rentes parties du corps.<\/p>\n<p align=\"center\">Il ne s\u2019agit pas d\u2019un massage.<\/p>\n<p align=\"center\">Vous\u00a0\u00eates install\u00e9 confortablement sur une table de massage et restez habill\u00e9.<\/p>\n<p align=\"center\">Le contact n\u2019est pas obligatoire.<\/p>\n<p align=\"center\">Sans aucune manipulation physique, l\u2019\u00e9nergie du Reiki se dirige d\u2019elle-m\u00eame vers les zones qui en ont besoin pour d\u00e9tendre en profondeur et combler les d\u00e9ficits en \u00e9nergie.<\/p>\n<p align=\"center\">Je suis \u00a0un simple canal et je laisse couler l&rsquo;\u00e9nergie qui tel un torrent de lumi\u00e8re purifie\u00a0et\u00a0\u00a0harmonise\u00a0 tous les niveaux de\u00a0votre \u00eatre.<\/p>\n<p align=\"center\">Dur\u00e9e moyenne d\u2019une s\u00e9ance 1h.<\/p>\n<p align=\"center\"><strong><span style=\"text-decoration: underline;\">Les bienfaits du Reiki\u00a0<\/span><\/strong><\/p>\n<p align=\"center\">Le Reiki r\u00e9tablit la libre circulation de l\u2019\u00e9nergie dans le corps,<\/p>\n<p align=\"center\">\u00a0lib\u00e8re les tensions physiques, \u00e9motionnelles et mentales,<\/p>\n<p align=\"center\">am\u00e9liore la sant\u00e9,<\/p>\n<p align=\"center\">favorise la relaxation,<\/p>\n<p align=\"center\">att\u00e9nue les douleurs,<\/p>\n<p align=\"center\">\u00a0active les processus naturels de gu\u00e9rison,<\/p>\n<p align=\"center\">accroit l\u2019\u00e9nergie vitale.<\/p>\n<p align=\"center\">le Reiki peut \u00eatre ressenti comme une profonde relaxation (avec des sensations de chaleur, de froid, de vibrations, de picotements, une perception de paix et de s\u00e9r\u00e9nit\u00e9&#8230;), mais bien souvent l&rsquo;\u00e9nergie nous emm\u00e8ne dans un v\u00e9ritable voyage int\u00e9rieur.<\/p>\n<p align=\"center\">Les manifestations et r\u00e9actions peuvent \u00eatre tr\u00e8s diversifi\u00e9es suivant la personalit\u00e9 de chacun, car le corps en se lib\u00e9rant des zones de tension, laisse remonter \u00e0 la surface des \u00e9motions enfouies non exprim\u00e9es.<\/p>\n<p align=\"center\">\u00a0<span style=\"text-decoration: underline;\">Une pratique r\u00e9guli\u00e8re apporte un potentiel accru de sant\u00e9 et de bien-\u00eatre.<\/span><\/p>\n<p align=\"center\"><span style=\"text-decoration: underline;\">Cette excellente m\u00e9thode de sant\u00e9 pr\u00e9ventive est aussi un remarquable rem\u00e8de anti-stress.<\/span><\/p>\n<p align=\"center\"><span style=\"text-decoration: underline;\">\u00a0<\/span><\/p>\n<p align=\"center\"><strong><span style=\"text-decoration: underline;\">Le Reiki\u00a0 pour qui\u00a0<\/span><\/strong><\/p>\n<p align=\"center\">Le Reiki est b\u00e9n\u00e9fique \u00e0 tous.<\/p>\n<p align=\"center\">B\u00e9b\u00e9s, enfants, adolescents, adultes, personnes \u00e2g\u00e9es.<\/p>\n<p align=\"center\">Personnes atteintes de douleurs ou maladies chroniques.<\/p>\n<p align=\"center\">Personnes en \u00e9tat de stress, fatigue physique ou \u00e9motionnelle.<\/p>\n<p align=\"center\"><strong>Le Reiki ne se substitue pas \u00e0 un suivi, ni \u00e0 un traitement \u00a0m\u00e9dical. N\u2019arr\u00eatez pas votre traitement sans l\u2019avis de votre\u00a0m\u00e9decin.<\/strong><\/p>\n<p>[\/et_pb_text][\/et_pb_column][\/et_pb_row][\/et_pb_section]<\/p>\n","protected":false},"excerpt":{"rendered":"<p>Les origines du Reiki\u00a0 Le Reiki est une technique de soin \u00e9nerg\u00e9tique d\u00e9couverte au 19\u00e9me si\u00e8cle par\u00a0 un moine japonais, le docteur Mikao Usui (1865-1926). \u00a0Il passa une grande partie de sa vie \u00e0 la recherche des clefs de la gu\u00e9rison physique et \u00e9nerg\u00e9tique qu&rsquo;il retrouva dans les \u00e9critures Bouddhiques. Description d\u2019une s\u00e9ance\u00a0 Je canalise [&hellip;]<\/p>\n","protected":false},"author":1,"featured_media":0,"parent":0,"menu_order":5,"comment_status":"closed","ping_status":"closed","template":"","meta":{"_et_pb_use_builder":"on","_et_pb_old_content":"<p>Pour Editer la page, il faut\u00a0descendre plus bas dans la partie \"Layout Builder\" et rentrer dans un bloc bleu en cliquant sur les trois petites lignes horizontales.<\/p>","_et_gb_content_width":"","footnotes":""},"class_list":["post-10","page","type-page","status-publish","hentry"],"aioseo_notices":[],"_links":{"self":[{"href":"https:\/\/www.mariechristine-geney.net\/ud\/wp-json\/wp\/v2\/pages\/10","targetHints":{"allow":["GET"]}}],"collection":[{"href":"https:\/\/www.mariechristine-geney.net\/ud\/wp-json\/wp\/v2\/pages"}],"about":[{"href":"https:\/\/www.mariechristine-geney.net\/ud\/wp-json\/wp\/v2\/types\/page"}],"author":[{"embeddable":true,"href":"https:\/\/www.mariechristine-geney.net\/ud\/wp-json\/wp\/v2\/users\/1"}],"replies":[{"embeddable":true,"href":"https:\/\/www.mariechristine-geney.net\/ud\/wp-json\/wp\/v2\/comments?post=10"}],"version-history":[{"count":5,"href":"https:\/\/www.mariechristine-geney.net\/ud\/wp-json\/wp\/v2\/pages\/10\/revisions"}],"predecessor-version":[{"id":2146,"href":"https:\/\/www.mariechristine-geney.net\/ud\/wp-json\/wp\/v2\/pages\/10\/revisions\/2146"}],"wp:attachment":[{"href":"https:\/\/www.mariechristine-geney.net\/ud\/wp-json\/wp\/v2\/media?parent=10"}],"curies":[{"name":"wp","href":"https:\/\/api.w.org\/{rel}","templated":true}]}}